{"id":13244,"date":"2021-05-31T13:26:20","date_gmt":"2021-05-31T11:26:20","guid":{"rendered":"https:\/\/turismo.elejido.es\/?page_id=13244"},"modified":"2022-11-16T14:37:49","modified_gmt":"2022-11-16T13:37:49","slug":"infraestructuras-principales","status":"publish","type":"page","link":"https:\/\/turismo.elejido.es\/index.php\/profesional\/material-para-touroperadores-y-agencias-de-viajes\/infraestructuras-principales\/","title":{"rendered":"Infraestructuras Principales"},"content":{"rendered":"\n<div class=\"wp-block-nk-awb nk-awb alturaSlider is-layout-constrained wp-block-nk-awb-is-layout-constrained\"><div class=\"nk-awb-wrap\" data-awb-type=\"image\" data-awb-image-background-size=\"cover\" data-awb-image-background-position=\"40% 77%\" data-awb-parallax=\"scroll\" data-awb-parallax-speed=\"0.5\" data-awb-parallax-mobile=\"false\"><div class=\"nk-awb-inner\"><img loading=\"lazy\" decoding=\"async\" src=\"https:\/\/app.elejido.es\/turismo\/wp-content\/uploads\/2021\/07\/IMG_1669-scaled.jpg\" class=\"wp-image-14405 jarallax-img\" width=\"2560\" height=\"1706\" srcset=\"https:\/\/turismo.elejido.es\/wp-content\/uploads\/2021\/07\/IMG_1669-scaled.jpg 2560w, https:\/\/turismo.elejido.es\/wp-content\/uploads\/2021\/07\/IMG_1669-500x333.jpg 500w, https:\/\/turismo.elejido.es\/wp-content\/uploads\/2021\/07\/IMG_1669-1620x1080.jpg 1620w, https:\/\/turismo.elejido.es\/wp-content\/uploads\/2021\/07\/IMG_1669-768x512.jpg 768w, https:\/\/turismo.elejido.es\/wp-content\/uploads\/2021\/07\/IMG_1669-391x260.jpg 391w, https:\/\/turismo.elejido.es\/wp-content\/uploads\/2021\/07\/IMG_1669-1536x1024.jpg 1536w, https:\/\/turismo.elejido.es\/wp-content\/uploads\/2021\/07\/IMG_1669-2048x1365.jpg 2048w, https:\/\/turismo.elejido.es\/wp-content\/uploads\/2021\/07\/IMG_1669-800x533.jpg 800w, https:\/\/turismo.elejido.es\/wp-content\/uploads\/2021\/07\/IMG_1669-1280x853.jpg 1280w, https:\/\/turismo.elejido.es\/wp-content\/uploads\/2021\/07\/IMG_1669-1920x1280.jpg 1920w, https:\/\/turismo.elejido.es\/wp-content\/uploads\/2021\/07\/IMG_1669-1200x800.jpg 1200w, https:\/\/turismo.elejido.es\/wp-content\/uploads\/2021\/07\/IMG_1669-272x182.jpg 272w\" sizes=\"auto, (max-width: 2560px) 100vw, 2560px\" \/><\/div><\/div><\/div>\n\n\n\n<div style=\"height:25px\" aria-hidden=\"true\" class=\"wp-block-spacer\"><\/div>\n\n\n\n<div class=\"wp-block-group container\"><div class=\"wp-block-group__inner-container is-layout-flow wp-block-group-is-layout-flow\"><div class=\"breadcrumbs align  wp-block-bcn-breadcrumb-trail has-text-color has-background\" vocab=\"https:\/\/schema.org\/\" typeof=\"BreadcrumbList\">\n\t<span><\/span>\n\t<span property=\"itemListElement\" typeof=\"ListItem\"><a property=\"item\" typeof=\"WebPage\" title=\"Ir a Turismo El Ejido.\" href=\"https:\/\/turismo.elejido.es\" class=\"home\" aria-current=\"page\"><span property=\"name\">Turismo El Ejido<\/span><\/a><meta property=\"position\" content=\"1\"><\/span><\/div>\n\n\n\n<div style=\"height:100px\" aria-hidden=\"true\" class=\"wp-block-spacer\"><\/div>\n\n\n\n<h1 class=\"has-text-align-center animated zoomIn duration1 eds-on-scroll wp-block-heading\">Infraestructuras Principales<\/h1>\n\n\n\n<hr class=\"wp-block-separator has-text-color has-background animated slideInLeft duration2 eds-on-scroll\" style=\"background-color:#ffaf26;color:#ffaf26\"\/>\n\n\n\n<div style=\"height:100px\" aria-hidden=\"true\" class=\"wp-block-spacer\"><\/div>\n\n\n\n<figure class=\"wp-block-table is-style-stripes tablaOperadoras\"><table class=\"has-fixed-layout\"><thead><tr><th class=\"has-text-align-left\" data-align=\"left\"><strong>NOMBRE<\/strong><\/th><th><strong>CAPACIDAD<\/strong><\/th><th><strong>DIRECCI\u00d3N<\/strong><\/th><th><strong>TEL\u00c9FONO<\/strong><\/th><\/tr><\/thead><tbody><tr><td class=\"has-text-align-left\" data-align=\"left\">Auditorio de El Ejido <img loading=\"lazy\" decoding=\"async\" width=\"25\" height=\"25\" class=\"wp-image-7206\" style=\"width: 25px;\" src=\"https:\/\/app.elejido.es\/turismo\/wp-content\/uploads\/2021\/02\/logoSICTED.jpeg\" alt=\"\" srcset=\"https:\/\/turismo.elejido.es\/wp-content\/uploads\/2021\/02\/logoSICTED.jpeg 459w, https:\/\/turismo.elejido.es\/wp-content\/uploads\/2021\/02\/logoSICTED-300x300.jpeg 300w, https:\/\/turismo.elejido.es\/wp-content\/uploads\/2021\/02\/logoSICTED-150x150.jpeg 150w\" sizes=\"auto, (max-width: 25px) 100vw, 25px\" \/><\/td><td>919 butacas<\/td><td>Rotonda, Plaza Teniente Arturo Mu\u00f1oz, 1, El Ejido<\/td><td><a href=\"tel:950 54 10 14\">950 54 10 14<\/a><\/td><\/tr><tr><td class=\"has-text-align-left\" data-align=\"left\">Teatro Municipal<\/td><td>332 butacas<\/td><td>Calle Pablo Neruda, 17, El Ejido<\/td><td><a href=\"tel:950 54 10 06\">950 54 10 06<\/a><\/td><\/tr><\/tbody><\/table><\/figure>\n<\/div><\/div>\n\n\n\n<p><\/p>\n","protected":false},"excerpt":{"rendered":"<p>Infraestructuras Principales NOMBRE CAPACIDAD DIRECCI\u00d3N TEL\u00c9FONO Auditorio de El Ejido 919 butacas Rotonda, Plaza Teniente Arturo Mu\u00f1oz, 1, El Ejido 950 54 10 14 Teatro Municipal 332 butacas Calle Pablo Neruda, 17, El Ejido 950 54 10 06<\/p>\n","protected":false},"author":5,"featured_media":0,"parent":12258,"menu_order":0,"comment_status":"closed","ping_status":"closed","template":"","meta":{"ocean_post_layout":"","ocean_both_sidebars_style":"","ocean_both_sidebars_content_width":0,"ocean_both_sidebars_sidebars_width":0,"ocean_sidebar":"0","ocean_second_sidebar":"0","ocean_disable_margins":"enable","ocean_add_body_class":"","ocean_shortcode_before_top_bar":"","ocean_shortcode_after_top_bar":"","ocean_shortcode_before_header":"","ocean_shortcode_after_header":"","ocean_has_shortcode":"","ocean_shortcode_after_title":"","ocean_shortcode_before_footer_widgets":"","ocean_shortcode_after_footer_widgets":"","ocean_shortcode_before_footer_bottom":"","ocean_shortcode_after_footer_bottom":"","ocean_display_top_bar":"default","ocean_display_header":"default","ocean_header_style":"","ocean_center_header_left_menu":"0","ocean_custom_header_template":"0","ocean_custom_logo":0,"ocean_custom_retina_logo":0,"ocean_custom_logo_max_width":0,"ocean_custom_logo_tablet_max_width":0,"ocean_custom_logo_mobile_max_width":0,"ocean_custom_logo_max_height":0,"ocean_custom_logo_tablet_max_height":0,"ocean_custom_logo_mobile_max_height":0,"ocean_header_custom_menu":"0","ocean_menu_typo_font_family":"0","ocean_menu_typo_font_subset":"","ocean_menu_typo_font_size":0,"ocean_menu_typo_font_size_tablet":0,"ocean_menu_typo_font_size_mobile":0,"ocean_menu_typo_font_size_unit":"px","ocean_menu_typo_font_weight":"","ocean_menu_typo_font_weight_tablet":"","ocean_menu_typo_font_weight_mobile":"","ocean_menu_typo_transform":"","ocean_menu_typo_transform_tablet":"","ocean_menu_typo_transform_mobile":"","ocean_menu_typo_line_height":0,"ocean_menu_typo_line_height_tablet":0,"ocean_menu_typo_line_height_mobile":0,"ocean_menu_typo_line_height_unit":"","ocean_menu_typo_spacing":0,"ocean_menu_typo_spacing_tablet":0,"ocean_menu_typo_spacing_mobile":0,"ocean_menu_typo_spacing_unit":"","ocean_menu_link_color":"","ocean_menu_link_color_hover":"","ocean_menu_link_color_active":"","ocean_menu_link_background":"","ocean_menu_link_hover_background":"","ocean_menu_link_active_background":"","ocean_menu_social_links_bg":"","ocean_menu_social_hover_links_bg":"","ocean_menu_social_links_color":"","ocean_menu_social_hover_links_color":"","ocean_disable_title":"default","ocean_disable_heading":"default","ocean_post_title":"","ocean_post_subheading":"","ocean_post_title_style":"","ocean_post_title_background_color":"","ocean_post_title_background":0,"ocean_post_title_bg_image_position":"","ocean_post_title_bg_image_attachment":"","ocean_post_title_bg_image_repeat":"","ocean_post_title_bg_image_size":"","ocean_post_title_height":0,"ocean_post_title_bg_overlay":0.5,"ocean_post_title_bg_overlay_color":"","ocean_disable_breadcrumbs":"default","ocean_breadcrumbs_color":"","ocean_breadcrumbs_separator_color":"","ocean_breadcrumbs_links_color":"","ocean_breadcrumbs_links_hover_color":"","ocean_display_footer_widgets":"default","ocean_display_footer_bottom":"default","ocean_custom_footer_template":"0","footnotes":""},"class_list":["post-13244","page","type-page","status-publish","hentry","entry"],"yoast_head":"<!-- This site is optimized with the Yoast SEO plugin v27.4 - https:\/\/yoast.com\/product\/yoast-seo-wordpress\/ -->\n<title>Infraestructuras Principales - Turismo El Ejido<\/title>\n<meta name=\"description\" content=\"Te ofrecemos una lista con las principales infraestructuras municipales para la celebraci\u00f3n de congresos o eventos.\" \/>\n<meta name=\"robots\" content=\"index, follow, max-snippet:-1, max-image-preview:large, max-video-preview:-1\" \/>\n<link rel=\"canonical\" href=\"https:\/\/turismo.elejido.es\/index.php\/profesional\/material-para-touroperadores-y-agencias-de-viajes\/infraestructuras-principales\/\" \/>\n<meta property=\"og:locale\" content=\"es_ES\" \/>\n<meta property=\"og:type\" content=\"article\" \/>\n<meta property=\"og:title\" content=\"Infraestructuras Principales - Turismo El Ejido\" \/>\n<meta property=\"og:description\" content=\"Te ofrecemos una lista con las principales infraestructuras municipales para la celebraci\u00f3n de congresos o eventos.\" \/>\n<meta property=\"og:url\" content=\"https:\/\/turismo.elejido.es\/index.php\/profesional\/material-para-touroperadores-y-agencias-de-viajes\/infraestructuras-principales\/\" \/>\n<meta property=\"og:site_name\" content=\"Turismo El Ejido\" \/>\n<meta property=\"article:modified_time\" content=\"2022-11-16T13:37:49+00:00\" \/>\n<meta property=\"og:image\" content=\"https:\/\/app.elejido.es\/turismo\/wp-content\/uploads\/2021\/07\/IMG_1669-scaled.jpg\" \/>\n<meta name=\"twitter:card\" content=\"summary_large_image\" \/>\n<meta name=\"twitter:label1\" content=\"Tiempo de lectura\" \/>\n\t<meta name=\"twitter:data1\" content=\"1 minuto\" \/>\n<script type=\"application\/ld+json\" class=\"yoast-schema-graph\">{\"@context\":\"https:\\\/\\\/schema.org\",\"@graph\":[{\"@type\":\"WebPage\",\"@id\":\"https:\\\/\\\/turismo.elejido.es\\\/index.php\\\/profesional\\\/material-para-touroperadores-y-agencias-de-viajes\\\/infraestructuras-principales\\\/\",\"url\":\"https:\\\/\\\/turismo.elejido.es\\\/index.php\\\/profesional\\\/material-para-touroperadores-y-agencias-de-viajes\\\/infraestructuras-principales\\\/\",\"name\":\"Infraestructuras Principales - Turismo El Ejido\",\"isPartOf\":{\"@id\":\"https:\\\/\\\/turismo.elejido.es\\\/#website\"},\"primaryImageOfPage\":{\"@id\":\"https:\\\/\\\/turismo.elejido.es\\\/index.php\\\/profesional\\\/material-para-touroperadores-y-agencias-de-viajes\\\/infraestructuras-principales\\\/#primaryimage\"},\"image\":{\"@id\":\"https:\\\/\\\/turismo.elejido.es\\\/index.php\\\/profesional\\\/material-para-touroperadores-y-agencias-de-viajes\\\/infraestructuras-principales\\\/#primaryimage\"},\"thumbnailUrl\":\"https:\\\/\\\/app.elejido.es\\\/turismo\\\/wp-content\\\/uploads\\\/2021\\\/07\\\/IMG_1669-scaled.jpg\",\"datePublished\":\"2021-05-31T11:26:20+00:00\",\"dateModified\":\"2022-11-16T13:37:49+00:00\",\"description\":\"Te ofrecemos una lista con las principales infraestructuras municipales para la celebraci\u00f3n de congresos o eventos.\",\"breadcrumb\":{\"@id\":\"https:\\\/\\\/turismo.elejido.es\\\/index.php\\\/profesional\\\/material-para-touroperadores-y-agencias-de-viajes\\\/infraestructuras-principales\\\/#breadcrumb\"},\"inLanguage\":\"es\",\"potentialAction\":[{\"@type\":\"ReadAction\",\"target\":[\"https:\\\/\\\/turismo.elejido.es\\\/index.php\\\/profesional\\\/material-para-touroperadores-y-agencias-de-viajes\\\/infraestructuras-principales\\\/\"]}]},{\"@type\":\"ImageObject\",\"inLanguage\":\"es\",\"@id\":\"https:\\\/\\\/turismo.elejido.es\\\/index.php\\\/profesional\\\/material-para-touroperadores-y-agencias-de-viajes\\\/infraestructuras-principales\\\/#primaryimage\",\"url\":\"https:\\\/\\\/app.elejido.es\\\/turismo\\\/wp-content\\\/uploads\\\/2021\\\/07\\\/IMG_1669-scaled.jpg\",\"contentUrl\":\"https:\\\/\\\/app.elejido.es\\\/turismo\\\/wp-content\\\/uploads\\\/2021\\\/07\\\/IMG_1669-scaled.jpg\"},{\"@type\":\"BreadcrumbList\",\"@id\":\"https:\\\/\\\/turismo.elejido.es\\\/index.php\\\/profesional\\\/material-para-touroperadores-y-agencias-de-viajes\\\/infraestructuras-principales\\\/#breadcrumb\",\"itemListElement\":[{\"@type\":\"ListItem\",\"position\":1,\"name\":\"Inicio\",\"item\":\"https:\\\/\\\/app.elejido.es\\\/turismo\\\/\"},{\"@type\":\"ListItem\",\"position\":2,\"name\":\"Profesional\",\"item\":\"https:\\\/\\\/turismo.elejido.es\\\/index.php\\\/profesional\\\/\"},{\"@type\":\"ListItem\",\"position\":3,\"name\":\"Material para touroperadores y agencias de viajes\",\"item\":\"https:\\\/\\\/turismo.elejido.es\\\/index.php\\\/profesional\\\/material-para-touroperadores-y-agencias-de-viajes\\\/\"},{\"@type\":\"ListItem\",\"position\":4,\"name\":\"Infraestructuras Principales\"}]},{\"@type\":\"WebSite\",\"@id\":\"https:\\\/\\\/turismo.elejido.es\\\/#website\",\"url\":\"https:\\\/\\\/turismo.elejido.es\\\/\",\"name\":\"Turismo El Ejido\",\"description\":\"Portal Oficial de Turismo del Municipio de El Ejido, Almerimar y Balerma situado en la costa de Almer\u00eda.\",\"publisher\":{\"@id\":\"https:\\\/\\\/turismo.elejido.es\\\/#organization\"},\"potentialAction\":[{\"@type\":\"SearchAction\",\"target\":{\"@type\":\"EntryPoint\",\"urlTemplate\":\"https:\\\/\\\/turismo.elejido.es\\\/?s={search_term_string}\"},\"query-input\":{\"@type\":\"PropertyValueSpecification\",\"valueRequired\":true,\"valueName\":\"search_term_string\"}}],\"inLanguage\":\"es\"},{\"@type\":\"Organization\",\"@id\":\"https:\\\/\\\/turismo.elejido.es\\\/#organization\",\"name\":\"Turismo El Ejido\",\"url\":\"https:\\\/\\\/turismo.elejido.es\\\/\",\"logo\":{\"@type\":\"ImageObject\",\"inLanguage\":\"es\",\"@id\":\"https:\\\/\\\/turismo.elejido.es\\\/#\\\/schema\\\/logo\\\/image\\\/\",\"url\":\"https:\\\/\\\/turismo.elejido.es\\\/wp-content\\\/uploads\\\/2020\\\/12\\\/elejidoNaranja.png\",\"contentUrl\":\"https:\\\/\\\/turismo.elejido.es\\\/wp-content\\\/uploads\\\/2020\\\/12\\\/elejidoNaranja.png\",\"width\":163,\"height\":92,\"caption\":\"Turismo El Ejido\"},\"image\":{\"@id\":\"https:\\\/\\\/turismo.elejido.es\\\/#\\\/schema\\\/logo\\\/image\\\/\"}}]}<\/script>\n<!-- \/ Yoast SEO plugin. -->","yoast_head_json":{"title":"Infraestructuras Principales - Turismo El Ejido","description":"Te ofrecemos una lista con las principales infraestructuras municipales para la celebraci\u00f3n de congresos o eventos.","robots":{"index":"index","follow":"follow","max-snippet":"max-snippet:-1","max-image-preview":"max-image-preview:large","max-video-preview":"max-video-preview:-1"},"canonical":"https:\/\/turismo.elejido.es\/index.php\/profesional\/material-para-touroperadores-y-agencias-de-viajes\/infraestructuras-principales\/","og_locale":"es_ES","og_type":"article","og_title":"Infraestructuras Principales - Turismo El Ejido","og_description":"Te ofrecemos una lista con las principales infraestructuras municipales para la celebraci\u00f3n de congresos o eventos.","og_url":"https:\/\/turismo.elejido.es\/index.php\/profesional\/material-para-touroperadores-y-agencias-de-viajes\/infraestructuras-principales\/","og_site_name":"Turismo El Ejido","article_modified_time":"2022-11-16T13:37:49+00:00","og_image":[{"url":"https:\/\/app.elejido.es\/turismo\/wp-content\/uploads\/2021\/07\/IMG_1669-scaled.jpg","type":"","width":"","height":""}],"twitter_card":"summary_large_image","twitter_misc":{"Tiempo de lectura":"1 minuto"},"schema":{"@context":"https:\/\/schema.org","@graph":[{"@type":"WebPage","@id":"https:\/\/turismo.elejido.es\/index.php\/profesional\/material-para-touroperadores-y-agencias-de-viajes\/infraestructuras-principales\/","url":"https:\/\/turismo.elejido.es\/index.php\/profesional\/material-para-touroperadores-y-agencias-de-viajes\/infraestructuras-principales\/","name":"Infraestructuras Principales - Turismo El Ejido","isPartOf":{"@id":"https:\/\/turismo.elejido.es\/#website"},"primaryImageOfPage":{"@id":"https:\/\/turismo.elejido.es\/index.php\/profesional\/material-para-touroperadores-y-agencias-de-viajes\/infraestructuras-principales\/#primaryimage"},"image":{"@id":"https:\/\/turismo.elejido.es\/index.php\/profesional\/material-para-touroperadores-y-agencias-de-viajes\/infraestructuras-principales\/#primaryimage"},"thumbnailUrl":"https:\/\/app.elejido.es\/turismo\/wp-content\/uploads\/2021\/07\/IMG_1669-scaled.jpg","datePublished":"2021-05-31T11:26:20+00:00","dateModified":"2022-11-16T13:37:49+00:00","description":"Te ofrecemos una lista con las principales infraestructuras municipales para la celebraci\u00f3n de congresos o eventos.","breadcrumb":{"@id":"https:\/\/turismo.elejido.es\/index.php\/profesional\/material-para-touroperadores-y-agencias-de-viajes\/infraestructuras-principales\/#breadcrumb"},"inLanguage":"es","potentialAction":[{"@type":"ReadAction","target":["https:\/\/turismo.elejido.es\/index.php\/profesional\/material-para-touroperadores-y-agencias-de-viajes\/infraestructuras-principales\/"]}]},{"@type":"ImageObject","inLanguage":"es","@id":"https:\/\/turismo.elejido.es\/index.php\/profesional\/material-para-touroperadores-y-agencias-de-viajes\/infraestructuras-principales\/#primaryimage","url":"https:\/\/app.elejido.es\/turismo\/wp-content\/uploads\/2021\/07\/IMG_1669-scaled.jpg","contentUrl":"https:\/\/app.elejido.es\/turismo\/wp-content\/uploads\/2021\/07\/IMG_1669-scaled.jpg"},{"@type":"BreadcrumbList","@id":"https:\/\/turismo.elejido.es\/index.php\/profesional\/material-para-touroperadores-y-agencias-de-viajes\/infraestructuras-principales\/#breadcrumb","itemListElement":[{"@type":"ListItem","position":1,"name":"Inicio","item":"https:\/\/app.elejido.es\/turismo\/"},{"@type":"ListItem","position":2,"name":"Profesional","item":"https:\/\/turismo.elejido.es\/index.php\/profesional\/"},{"@type":"ListItem","position":3,"name":"Material para touroperadores y agencias de viajes","item":"https:\/\/turismo.elejido.es\/index.php\/profesional\/material-para-touroperadores-y-agencias-de-viajes\/"},{"@type":"ListItem","position":4,"name":"Infraestructuras Principales"}]},{"@type":"WebSite","@id":"https:\/\/turismo.elejido.es\/#website","url":"https:\/\/turismo.elejido.es\/","name":"Turismo El Ejido","description":"Portal Oficial de Turismo del Municipio de El Ejido, Almerimar y Balerma situado en la costa de Almer\u00eda.","publisher":{"@id":"https:\/\/turismo.elejido.es\/#organization"},"potentialAction":[{"@type":"SearchAction","target":{"@type":"EntryPoint","urlTemplate":"https:\/\/turismo.elejido.es\/?s={search_term_string}"},"query-input":{"@type":"PropertyValueSpecification","valueRequired":true,"valueName":"search_term_string"}}],"inLanguage":"es"},{"@type":"Organization","@id":"https:\/\/turismo.elejido.es\/#organization","name":"Turismo El Ejido","url":"https:\/\/turismo.elejido.es\/","logo":{"@type":"ImageObject","inLanguage":"es","@id":"https:\/\/turismo.elejido.es\/#\/schema\/logo\/image\/","url":"https:\/\/turismo.elejido.es\/wp-content\/uploads\/2020\/12\/elejidoNaranja.png","contentUrl":"https:\/\/turismo.elejido.es\/wp-content\/uploads\/2020\/12\/elejidoNaranja.png","width":163,"height":92,"caption":"Turismo El Ejido"},"image":{"@id":"https:\/\/turismo.elejido.es\/#\/schema\/logo\/image\/"}}]}},"_links":{"self":[{"href":"https:\/\/turismo.elejido.es\/index.php\/wp-json\/wp\/v2\/pages\/13244","targetHints":{"allow":["GET"]}}],"collection":[{"href":"https:\/\/turismo.elejido.es\/index.php\/wp-json\/wp\/v2\/pages"}],"about":[{"href":"https:\/\/turismo.elejido.es\/index.php\/wp-json\/wp\/v2\/types\/page"}],"author":[{"embeddable":true,"href":"https:\/\/turismo.elejido.es\/index.php\/wp-json\/wp\/v2\/users\/5"}],"replies":[{"embeddable":true,"href":"https:\/\/turismo.elejido.es\/index.php\/wp-json\/wp\/v2\/comments?post=13244"}],"version-history":[{"count":0,"href":"https:\/\/turismo.elejido.es\/index.php\/wp-json\/wp\/v2\/pages\/13244\/revisions"}],"up":[{"embeddable":true,"href":"https:\/\/turismo.elejido.es\/index.php\/wp-json\/wp\/v2\/pages\/12258"}],"wp:attachment":[{"href":"https:\/\/turismo.elejido.es\/index.php\/wp-json\/wp\/v2\/media?parent=13244"}],"curies":[{"name":"wp","href":"https:\/\/api.w.org\/{rel}","templated":true}]}}