{"id":14300,"date":"2021-07-05T11:47:22","date_gmt":"2021-07-05T09:47:22","guid":{"rendered":"https:\/\/turismo.elejido.es\/?page_id=14300"},"modified":"2023-03-23T13:56:00","modified_gmt":"2023-03-23T12:56:00","slug":"oferta-complementaria","status":"publish","type":"page","link":"https:\/\/turismo.elejido.es\/index.php\/profesional\/material-para-touroperadores-y-agencias-de-viajes\/oferta-complementaria\/","title":{"rendered":"Oferta Complementaria"},"content":{"rendered":"\n<div class=\"wp-block-nk-awb nk-awb alturaSlider is-layout-constrained wp-block-nk-awb-is-layout-constrained\"><div class=\"nk-awb-wrap\" data-awb-type=\"image\" data-awb-image-background-size=\"cover\" data-awb-image-background-position=\"55% 81%\" data-awb-parallax=\"scroll\" data-awb-parallax-speed=\"0.5\" data-awb-parallax-mobile=\"false\"><div class=\"nk-awb-inner\"><img loading=\"lazy\" decoding=\"async\" src=\"https:\/\/app.elejido.es\/turismo\/wp-content\/uploads\/2021\/02\/Remoparallax.jpg\" class=\"wp-image-8481 jarallax-img\" width=\"1396\" height=\"650\" srcset=\"https:\/\/turismo.elejido.es\/wp-content\/uploads\/2021\/02\/Remoparallax.jpg 1396w, https:\/\/turismo.elejido.es\/wp-content\/uploads\/2021\/02\/Remoparallax-300x140.jpg 300w, https:\/\/turismo.elejido.es\/wp-content\/uploads\/2021\/02\/Remoparallax-768x358.jpg 768w, https:\/\/turismo.elejido.es\/wp-content\/uploads\/2021\/02\/Remoparallax-500x233.jpg 500w, https:\/\/turismo.elejido.es\/wp-content\/uploads\/2021\/02\/Remoparallax-800x372.jpg 800w, https:\/\/turismo.elejido.es\/wp-content\/uploads\/2021\/02\/Remoparallax-1280x596.jpg 1280w\" sizes=\"auto, (max-width: 1396px) 100vw, 1396px\" \/><\/div><\/div><\/div>\n\n\n\n<div style=\"height:25px\" aria-hidden=\"true\" class=\"wp-block-spacer\"><\/div>\n\n\n\n<div class=\"wp-block-group container\"><div class=\"wp-block-group__inner-container is-layout-flow wp-block-group-is-layout-flow\"><div class=\"breadcrumbs align  wp-block-bcn-breadcrumb-trail has-text-color has-background\" vocab=\"https:\/\/schema.org\/\" typeof=\"BreadcrumbList\">\n\t<span><\/span>\n\t<span property=\"itemListElement\" typeof=\"ListItem\"><a property=\"item\" typeof=\"WebPage\" title=\"Ir a Turismo El Ejido.\" href=\"https:\/\/turismo.elejido.es\" class=\"home\" aria-current=\"page\"><span property=\"name\">Turismo El Ejido<\/span><\/a><meta property=\"position\" content=\"1\"><\/span><\/div>\n\n\n\n<div style=\"height:100px\" aria-hidden=\"true\" class=\"wp-block-spacer\"><\/div>\n\n\n\n<h1 class=\"has-text-align-center animated zoomIn duration1 eds-on-scroll wp-block-heading\">Oferta Complementaria<\/h1>\n\n\n\n<hr class=\"wp-block-separator has-text-color has-css-opacity has-background animated slideInLeft duration2 eds-on-scroll\" style=\"background-color:#ffaf26;color:#ffaf26\"\/>\n\n\n\n<div style=\"height:100px\" aria-hidden=\"true\" class=\"wp-block-spacer\"><\/div>\n\n\n\n<figure class=\"wp-block-table is-style-stripes tablaOperadoras\"><table class=\"has-fixed-layout\"><thead><tr><th><strong>NOMBRE<\/strong><\/th><th><strong>CLASIFICACI\u00d3N<\/strong><\/th><th><strong>DIRECCI\u00d3N<\/strong><\/th><th><strong>TEL\u00c9FONO<\/strong><\/th><th><strong>EMAIL<\/strong><\/th><th><strong>WEB<\/strong><\/th><\/tr><\/thead><tbody><tr><td>Clisol <img loading=\"lazy\" decoding=\"async\" width=\"25\" height=\"25\" class=\"wp-image-7206\" style=\"width: 25px;\" src=\"https:\/\/app.elejido.es\/turismo\/wp-content\/uploads\/2021\/02\/logoSICTED.jpeg\" alt=\"\" srcset=\"https:\/\/turismo.elejido.es\/wp-content\/uploads\/2021\/02\/logoSICTED.jpeg 459w, https:\/\/turismo.elejido.es\/wp-content\/uploads\/2021\/02\/logoSICTED-300x300.jpeg 300w, https:\/\/turismo.elejido.es\/wp-content\/uploads\/2021\/02\/logoSICTED-150x150.jpeg 150w\" sizes=\"auto, (max-width: 25px) 100vw, 25px\" \/><\/td><td>Agroturismo<\/td><td>Paraje de la Cumbre, s\/n Tierras de Almer\u00eda EL EJIDO<\/td><td><a href=\"Tel:620843385\">620 843 385<\/a><br><a href=\"tel:950407531\">950 407 531<\/a><\/td><td><a href=\"mailto:clisol@clisol.com\">clisol@clisol.com<\/a><\/td><td><a href=\"http:\/\/www.clisol.com\" target=\"_blank\" rel=\"noreferrer noopener\">www.clisol.com<\/a><\/td><\/tr><tr><td>Golf Almerimar <img loading=\"lazy\" decoding=\"async\" width=\"25\" height=\"25\" class=\"wp-image-7206\" style=\"width: 25px;\" src=\"https:\/\/app.elejido.es\/turismo\/wp-content\/uploads\/2021\/02\/logoSICTED.jpeg\" alt=\"\" srcset=\"https:\/\/turismo.elejido.es\/wp-content\/uploads\/2021\/02\/logoSICTED.jpeg 459w, https:\/\/turismo.elejido.es\/wp-content\/uploads\/2021\/02\/logoSICTED-300x300.jpeg 300w, https:\/\/turismo.elejido.es\/wp-content\/uploads\/2021\/02\/logoSICTED-150x150.jpeg 150w\" sizes=\"auto, (max-width: 25px) 100vw, 25px\" \/><\/td><td>Campos de Golf<\/td><td>Plaza de la Pir\u00e1mide, 4 ALMERIMAR<\/td><td><a href=\"tel:696 171 798\">696 171 798<\/a><br><a href=\"tel:950 497 050\">950 497 050<\/a><\/td><td><a href=\"mailto:directorgolf@almerimar-resort.com\">directorgolf@almerimar-resort.com<\/a><\/td><td><a href=\"https:\/\/golfalmerimar.com\/\" target=\"_blank\" rel=\"noreferrer noopener\">https:\/\/golfalmerimar.com\/<\/a><\/td><\/tr><tr><td>Karting Copo <img loading=\"lazy\" decoding=\"async\" width=\"25\" height=\"25\" class=\"wp-image-7206\" style=\"width: 25px;\" src=\"https:\/\/app.elejido.es\/turismo\/wp-content\/uploads\/2021\/02\/logoSICTED.jpeg\" alt=\"\" srcset=\"https:\/\/turismo.elejido.es\/wp-content\/uploads\/2021\/02\/logoSICTED.jpeg 459w, https:\/\/turismo.elejido.es\/wp-content\/uploads\/2021\/02\/logoSICTED-300x300.jpeg 300w, https:\/\/turismo.elejido.es\/wp-content\/uploads\/2021\/02\/logoSICTED-150x150.jpeg 150w\" sizes=\"auto, (max-width: 25px) 100vw, 25px\" \/><\/td><td>Otros Servicios<\/td><td>Centro Comercial Copo Ctra. Almerimar s\/n<\/td><td><a href=\"tel:658 937 890\">658 937 890<\/a><\/td><td><a href=\"mailto:administrador@kartingalmeria.com\">administrador@kartingalmeria.com<\/a><\/td><td><a href=\"http:\/\/www.kartingalmeria.com\" target=\"_blank\" rel=\"noreferrer noopener\">www.kartingalmeria.com<\/a><\/td><\/tr><tr><td>V\u00edctor Fern\u00e1ndez Center <img loading=\"lazy\" decoding=\"async\" width=\"25\" height=\"25\" class=\"wp-image-7206\" style=\"width: 25px;\" src=\"https:\/\/app.elejido.es\/turismo\/wp-content\/uploads\/2021\/02\/logoSICTED.jpeg\" alt=\"\" srcset=\"https:\/\/turismo.elejido.es\/wp-content\/uploads\/2021\/02\/logoSICTED.jpeg 459w, https:\/\/turismo.elejido.es\/wp-content\/uploads\/2021\/02\/logoSICTED-300x300.jpeg 300w, https:\/\/turismo.elejido.es\/wp-content\/uploads\/2021\/02\/logoSICTED-150x150.jpeg 150w\" sizes=\"auto, (max-width: 25px) 100vw, 25px\" \/><\/td><td>Deportes N\u00e1uticos<\/td><td>Paseo Mar\u00edtimo Chiringuito 3 ALMERIMAR<\/td><td><a href=\"tel:607 691 322\">607 691 322<\/a><br><a href=\"tel:950 609 535\">950 609 535<\/a><\/td><td><a href=\"mailto:windsurfe42@gmail.com\">windsurfe42@gmail.com<\/a><\/td><td><a href=\"http:\/\/www.victorfernandezcenter.com\" target=\"_blank\" rel=\"noreferrer noopener\">www.victorfernandezcenter.com<\/a><\/td><\/tr><tr><td>Club Windsurf Mar Azul<\/td><td>Deportes N\u00e1uticos<\/td><td>Avda. Mar Azul, s\/n ALMERIMAR<\/td><td><a href=\"tel:627 990 705\">627 990 705<\/a><\/td><td>&#8211;<\/td><td><a href=\"https:\/\/windmarazul.com\/\" target=\"_blank\" rel=\"noreferrer noopener\">https:\/\/windmarazul.com\/<\/a><\/td><\/tr><tr><td>Club N\u00e1utico Almerimar<\/td><td>Deportes N\u00e1uticos<\/td><td>Muelle De Levante Puerto Dep. ALMERIMAR<\/td><td><a href=\"tel:642 319 697\">642 319 697<\/a><br><a href=\"tel:626 016 043\">626 016 043<\/a><\/td><td>&#8211;<\/td><td><a href=\"https:\/\/clubnauticoalmerimar.com\/\" target=\"_blank\" rel=\"noreferrer noopener\">https:\/\/clubnauticoalmerimar.com\/<\/a><\/td><\/tr><tr><td>Club N\u00e1utico Balerma<\/td><td>Deportes N\u00e1uticos<\/td><td>Rambla del Loco BALERMA<\/td><td><a href=\"tel:605 796 871\">605 796 871<\/a><\/td><td><a href=\"mailto:clubnauticobalerma@hotmail.com\">clubnauticobalerma@hotmail.com<\/a><\/td><td>&#8211;<\/td><\/tr><tr><td>Buceo Andaluc\u00eda<\/td><td>Deportes N\u00e1uticos<\/td><td>D\u00e1rsena de la Batea, 40 ALMERIMAR<\/td><td><a href=\"tel:657 850 460\">657 850 460<\/a><\/td><td><a href=\"mailto:buceo@buceoandalucia.com\">buceo@buceoandalucia.com<\/a><\/td><td><a href=\"https:\/\/www.buceoandalucia.com\/\" target=\"_blank\" rel=\"noreferrer noopener\">https:\/\/www.buceoandalucia.com\/<\/a><\/td><\/tr><tr><td>Club Tiempo Libre<\/td><td>Deportes N\u00e1uticos<\/td><td>Lago Victoria ALMERIMAR<\/td><td><a href=\"tel:630 075 638\">630 075 638<\/a><\/td><td>&#8211;<\/td><td><a href=\"http:\/\/club-tiempolibre.com\/\" target=\"_blank\" rel=\"noreferrer noopener\">http:\/\/club-tiempolibre.com\/<\/a><\/td><\/tr><tr><td>Fast &amp; Wet<\/td><td>Deportes N\u00e1uticos<\/td><td>C\/ del Faro 1, Puerto Dep. ALMERIMAR (Torre)<\/td><td><a href=\"tel:622 69 06 90\">622 69 06 90<\/a><\/td><td>&#8211;<\/td><td><a href=\"http:\/\/fastandwet.es\/\" target=\"_blank\" rel=\"noreferrer noopener\">http:\/\/fastandwet.es\/<\/a><\/td><\/tr><tr><td>H\u00edpica Almerimar<\/td><td>H\u00edpica<\/td><td>C\/ Roquetas ALMERIMAR<\/td><td><a href=\"tel:630 908 087\">630 908 087<\/a><\/td><td>&#8211;<\/td><td>&#8211;<\/td><\/tr><tr><td>Club H\u00edpico Santa Mar\u00eda<\/td><td>H\u00edpica<\/td><td>Camino del \u00c1guila s\/n STA. M.\u00aa DEL \u00c1GUILA<\/td><td><a href=\"tel:647 962 092\">647 962 092<\/a><\/td><td>&#8211;<\/td><td>&#8211;<\/td><\/tr><tr><td>El \u00c1rbol de las Piruletas<\/td><td>Naturaleza<\/td><td>PUNTA ENTINAS SABINAR ALMERIMAR<\/td><td><a href=\"tel:692 176 678\">692 176 678<\/a><\/td><td><a href=\"mailto:elarboldelaspiruletas@gmail.com\">elarboldelaspiruletas@gmail.com<\/a><\/td><td><a href=\"http:\/\/www.elarboldelaspiruletas.com\/\" target=\"_blank\" rel=\"noreferrer noopener\">http:\/\/www.elarboldelaspiruletas.com\/<\/a><\/td><\/tr><tr><td>La Almunya del Sur <img loading=\"lazy\" decoding=\"async\" width=\"25\" height=\"25\" class=\"wp-image-7206\" style=\"width: 25px;\" src=\"https:\/\/app.elejido.es\/turismo\/wp-content\/uploads\/2021\/02\/logoSICTED.jpeg\" alt=\"\" srcset=\"https:\/\/turismo.elejido.es\/wp-content\/uploads\/2021\/02\/logoSICTED.jpeg 459w, https:\/\/turismo.elejido.es\/wp-content\/uploads\/2021\/02\/logoSICTED-300x300.jpeg 300w, https:\/\/turismo.elejido.es\/wp-content\/uploads\/2021\/02\/logoSICTED-150x150.jpeg 150w\" sizes=\"auto, (max-width: 25px) 100vw, 25px\" \/><\/td><td>Naturaleza<\/td><td>Paraje Tarambana, 284 BALERMA<\/td><td><a href=\"tel:610 523 084\">610 523 084<\/a><\/td><td><a href=\"mailto:info@laalmunyadelsur.es\">info@laalmunyadelsur.es<\/a><\/td><td><a href=\"https:\/\/laalmunyadelsur.es\/\" target=\"_blank\" rel=\"noreferrer noopener\">https:\/\/laalmunyadelsur.es\/<\/a><\/td><\/tr><tr><td>Pepe Moreno<\/td><td>Museo Privado<\/td><td>Rotonda de L&#8217;Aimund, 121 EL EJIDO<\/td><td><a href=\"tel:650 456 018\">650 456 018<\/a><\/td><td>&#8211;<\/td><td>&#8211;<\/td><\/tr><tr><td>A Pedales<\/td><td>Deportes<\/td><td>C\/ del Faro, 32 ALMERIMAR<\/td><td><a href=\"tel:607 593 468\">607 593 468<\/a><\/td><td>&#8211;<\/td><td>&#8211;<\/td><\/tr><tr><td>Dall Villa Art <img loading=\"lazy\" decoding=\"async\" width=\"25\" height=\"25\" class=\"wp-image-7206\" style=\"width: 25px;\" src=\"https:\/\/app.elejido.es\/turismo\/wp-content\/uploads\/2021\/02\/logoSICTED.jpeg\" alt=\"\" srcset=\"https:\/\/turismo.elejido.es\/wp-content\/uploads\/2021\/02\/logoSICTED.jpeg 459w, https:\/\/turismo.elejido.es\/wp-content\/uploads\/2021\/02\/logoSICTED-300x300.jpeg 300w, https:\/\/turismo.elejido.es\/wp-content\/uploads\/2021\/02\/logoSICTED-150x150.jpeg 150w\" sizes=\"auto, (max-width: 25px) 100vw, 25px\" \/><\/td><td>Galer\u00eda de arte<\/td><td>Calle Dr. Palmero, 4, Local, 04700 El Ejido<\/td><td><a href=\"https:\/\/www.google.com\/search?q=dall+villa+art&amp;rlz=1C1GCEU_esES822ES823&amp;oq=dall+villa+art&amp;aqs=chrome.0.35i39i355j46i39i175i199i512j0i22i30l3.3184j1j7&amp;sourceid=chrome&amp;ie=UTF-8#\">950 92 34 07<\/a><\/td><td><\/td><td><a href=\"https:\/\/arteengrabado.com\/\">https:\/\/arteengrabado.com\/<\/a><br><\/td><\/tr><\/tbody><\/table><\/figure>\n\n\n\n<div style=\"height:50px\" aria-hidden=\"true\" class=\"wp-block-spacer\"><\/div>\n\n\n\n<p><\/p>\n<\/div><\/div>\n\n\n\n<p><\/p>\n","protected":false},"excerpt":{"rendered":"<p>Oferta Complementaria NOMBRE CLASIFICACI\u00d3N DIRECCI\u00d3N TEL\u00c9FONO EMAIL WEB Clisol Agroturismo Paraje de la Cumbre, s\/n Tierras de Almer\u00eda EL EJIDO 620 843 385950 407 531 clisol@clisol.com www.clisol.com Golf Almerimar Campos de Golf Plaza de la Pir\u00e1mide, 4 ALMERIMAR 696 171 798950 497 050 directorgolf@almerimar-resort.com https:\/\/golfalmerimar.com\/ Karting Copo Otros Servicios Centro Comercial Copo Ctra. Almerimar s\/n [&hellip;]<\/p>\n","protected":false},"author":5,"featured_media":0,"parent":12258,"menu_order":0,"comment_status":"closed","ping_status":"closed","template":"","meta":{"ocean_post_layout":"","ocean_both_sidebars_style":"","ocean_both_sidebars_content_width":0,"ocean_both_sidebars_sidebars_width":0,"ocean_sidebar":"0","ocean_second_sidebar":"0","ocean_disable_margins":"enable","ocean_add_body_class":"","ocean_shortcode_before_top_bar":"","ocean_shortcode_after_top_bar":"","ocean_shortcode_before_header":"","ocean_shortcode_after_header":"","ocean_has_shortcode":"","ocean_shortcode_after_title":"","ocean_shortcode_before_footer_widgets":"","ocean_shortcode_after_footer_widgets":"","ocean_shortcode_before_footer_bottom":"","ocean_shortcode_after_footer_bottom":"","ocean_display_top_bar":"default","ocean_display_header":"default","ocean_header_style":"","ocean_center_header_left_menu":"0","ocean_custom_header_template":"0","ocean_custom_logo":0,"ocean_custom_retina_logo":0,"ocean_custom_logo_max_width":0,"ocean_custom_logo_tablet_max_width":0,"ocean_custom_logo_mobile_max_width":0,"ocean_custom_logo_max_height":0,"ocean_custom_logo_tablet_max_height":0,"ocean_custom_logo_mobile_max_height":0,"ocean_header_custom_menu":"0","ocean_menu_typo_font_family":"0","ocean_menu_typo_font_subset":"","ocean_menu_typo_font_size":0,"ocean_menu_typo_font_size_tablet":0,"ocean_menu_typo_font_size_mobile":0,"ocean_menu_typo_font_size_unit":"px","ocean_menu_typo_font_weight":"","ocean_menu_typo_font_weight_tablet":"","ocean_menu_typo_font_weight_mobile":"","ocean_menu_typo_transform":"","ocean_menu_typo_transform_tablet":"","ocean_menu_typo_transform_mobile":"","ocean_menu_typo_line_height":0,"ocean_menu_typo_line_height_tablet":0,"ocean_menu_typo_line_height_mobile":0,"ocean_menu_typo_line_height_unit":"","ocean_menu_typo_spacing":0,"ocean_menu_typo_spacing_tablet":0,"ocean_menu_typo_spacing_mobile":0,"ocean_menu_typo_spacing_unit":"","ocean_menu_link_color":"","ocean_menu_link_color_hover":"","ocean_menu_link_color_active":"","ocean_menu_link_background":"","ocean_menu_link_hover_background":"","ocean_menu_link_active_background":"","ocean_menu_social_links_bg":"","ocean_menu_social_hover_links_bg":"","ocean_menu_social_links_color":"","ocean_menu_social_hover_links_color":"","ocean_disable_title":"default","ocean_disable_heading":"default","ocean_post_title":"","ocean_post_subheading":"","ocean_post_title_style":"","ocean_post_title_background_color":"","ocean_post_title_background":0,"ocean_post_title_bg_image_position":"","ocean_post_title_bg_image_attachment":"","ocean_post_title_bg_image_repeat":"","ocean_post_title_bg_image_size":"","ocean_post_title_height":0,"ocean_post_title_bg_overlay":0.5,"ocean_post_title_bg_overlay_color":"","ocean_disable_breadcrumbs":"default","ocean_breadcrumbs_color":"","ocean_breadcrumbs_separator_color":"","ocean_breadcrumbs_links_color":"","ocean_breadcrumbs_links_hover_color":"","ocean_display_footer_widgets":"default","ocean_display_footer_bottom":"default","ocean_custom_footer_template":"0","footnotes":""},"class_list":["post-14300","page","type-page","status-publish","hentry","entry"],"yoast_head":"<!-- This site is optimized with the Yoast SEO plugin v27.4 - https:\/\/yoast.com\/product\/yoast-seo-wordpress\/ -->\n<title>Oferta Complementaria - Turismo El Ejido<\/title>\n<meta name=\"description\" content=\"Conoce la amplia variedad de la oferta tur\u00edstica complementaria disponible en El Ejido y sus datos de contacto.\" \/>\n<meta name=\"robots\" content=\"index, follow, max-snippet:-1, max-image-preview:large, max-video-preview:-1\" \/>\n<link rel=\"canonical\" href=\"https:\/\/turismo.elejido.es\/index.php\/profesional\/material-para-touroperadores-y-agencias-de-viajes\/oferta-complementaria\/\" \/>\n<meta property=\"og:locale\" content=\"es_ES\" \/>\n<meta property=\"og:type\" content=\"article\" \/>\n<meta property=\"og:title\" content=\"Oferta Complementaria - Turismo El Ejido\" \/>\n<meta property=\"og:description\" content=\"Conoce la amplia variedad de la oferta tur\u00edstica complementaria disponible en El Ejido y sus datos de contacto.\" \/>\n<meta property=\"og:url\" content=\"https:\/\/turismo.elejido.es\/index.php\/profesional\/material-para-touroperadores-y-agencias-de-viajes\/oferta-complementaria\/\" \/>\n<meta property=\"og:site_name\" content=\"Turismo El Ejido\" \/>\n<meta property=\"article:modified_time\" content=\"2023-03-23T12:56:00+00:00\" \/>\n<meta property=\"og:image\" content=\"https:\/\/app.elejido.es\/turismo\/wp-content\/uploads\/2021\/02\/Remoparallax.jpg\" \/>\n<meta name=\"twitter:card\" content=\"summary_large_image\" \/>\n<meta name=\"twitter:label1\" content=\"Tiempo de lectura\" \/>\n\t<meta name=\"twitter:data1\" content=\"3 minutos\" \/>\n<script type=\"application\/ld+json\" class=\"yoast-schema-graph\">{\"@context\":\"https:\\\/\\\/schema.org\",\"@graph\":[{\"@type\":\"WebPage\",\"@id\":\"https:\\\/\\\/turismo.elejido.es\\\/index.php\\\/profesional\\\/material-para-touroperadores-y-agencias-de-viajes\\\/oferta-complementaria\\\/\",\"url\":\"https:\\\/\\\/turismo.elejido.es\\\/index.php\\\/profesional\\\/material-para-touroperadores-y-agencias-de-viajes\\\/oferta-complementaria\\\/\",\"name\":\"Oferta Complementaria - Turismo El Ejido\",\"isPartOf\":{\"@id\":\"https:\\\/\\\/turismo.elejido.es\\\/#website\"},\"primaryImageOfPage\":{\"@id\":\"https:\\\/\\\/turismo.elejido.es\\\/index.php\\\/profesional\\\/material-para-touroperadores-y-agencias-de-viajes\\\/oferta-complementaria\\\/#primaryimage\"},\"image\":{\"@id\":\"https:\\\/\\\/turismo.elejido.es\\\/index.php\\\/profesional\\\/material-para-touroperadores-y-agencias-de-viajes\\\/oferta-complementaria\\\/#primaryimage\"},\"thumbnailUrl\":\"https:\\\/\\\/app.elejido.es\\\/turismo\\\/wp-content\\\/uploads\\\/2021\\\/02\\\/Remoparallax.jpg\",\"datePublished\":\"2021-07-05T09:47:22+00:00\",\"dateModified\":\"2023-03-23T12:56:00+00:00\",\"description\":\"Conoce la amplia variedad de la oferta tur\u00edstica complementaria disponible en El Ejido y sus datos de contacto.\",\"breadcrumb\":{\"@id\":\"https:\\\/\\\/turismo.elejido.es\\\/index.php\\\/profesional\\\/material-para-touroperadores-y-agencias-de-viajes\\\/oferta-complementaria\\\/#breadcrumb\"},\"inLanguage\":\"es\",\"potentialAction\":[{\"@type\":\"ReadAction\",\"target\":[\"https:\\\/\\\/turismo.elejido.es\\\/index.php\\\/profesional\\\/material-para-touroperadores-y-agencias-de-viajes\\\/oferta-complementaria\\\/\"]}]},{\"@type\":\"ImageObject\",\"inLanguage\":\"es\",\"@id\":\"https:\\\/\\\/turismo.elejido.es\\\/index.php\\\/profesional\\\/material-para-touroperadores-y-agencias-de-viajes\\\/oferta-complementaria\\\/#primaryimage\",\"url\":\"https:\\\/\\\/app.elejido.es\\\/turismo\\\/wp-content\\\/uploads\\\/2021\\\/02\\\/Remoparallax.jpg\",\"contentUrl\":\"https:\\\/\\\/app.elejido.es\\\/turismo\\\/wp-content\\\/uploads\\\/2021\\\/02\\\/Remoparallax.jpg\"},{\"@type\":\"BreadcrumbList\",\"@id\":\"https:\\\/\\\/turismo.elejido.es\\\/index.php\\\/profesional\\\/material-para-touroperadores-y-agencias-de-viajes\\\/oferta-complementaria\\\/#breadcrumb\",\"itemListElement\":[{\"@type\":\"ListItem\",\"position\":1,\"name\":\"Inicio\",\"item\":\"https:\\\/\\\/app.elejido.es\\\/turismo\\\/\"},{\"@type\":\"ListItem\",\"position\":2,\"name\":\"Profesional\",\"item\":\"https:\\\/\\\/turismo.elejido.es\\\/index.php\\\/profesional\\\/\"},{\"@type\":\"ListItem\",\"position\":3,\"name\":\"Material para touroperadores y agencias de viajes\",\"item\":\"https:\\\/\\\/turismo.elejido.es\\\/index.php\\\/profesional\\\/material-para-touroperadores-y-agencias-de-viajes\\\/\"},{\"@type\":\"ListItem\",\"position\":4,\"name\":\"Oferta Complementaria\"}]},{\"@type\":\"WebSite\",\"@id\":\"https:\\\/\\\/turismo.elejido.es\\\/#website\",\"url\":\"https:\\\/\\\/turismo.elejido.es\\\/\",\"name\":\"Turismo El Ejido\",\"description\":\"Portal Oficial de Turismo del Municipio de El Ejido, Almerimar y Balerma situado en la costa de Almer\u00eda.\",\"publisher\":{\"@id\":\"https:\\\/\\\/turismo.elejido.es\\\/#organization\"},\"potentialAction\":[{\"@type\":\"SearchAction\",\"target\":{\"@type\":\"EntryPoint\",\"urlTemplate\":\"https:\\\/\\\/turismo.elejido.es\\\/?s={search_term_string}\"},\"query-input\":{\"@type\":\"PropertyValueSpecification\",\"valueRequired\":true,\"valueName\":\"search_term_string\"}}],\"inLanguage\":\"es\"},{\"@type\":\"Organization\",\"@id\":\"https:\\\/\\\/turismo.elejido.es\\\/#organization\",\"name\":\"Turismo El Ejido\",\"url\":\"https:\\\/\\\/turismo.elejido.es\\\/\",\"logo\":{\"@type\":\"ImageObject\",\"inLanguage\":\"es\",\"@id\":\"https:\\\/\\\/turismo.elejido.es\\\/#\\\/schema\\\/logo\\\/image\\\/\",\"url\":\"https:\\\/\\\/turismo.elejido.es\\\/wp-content\\\/uploads\\\/2020\\\/12\\\/elejidoNaranja.png\",\"contentUrl\":\"https:\\\/\\\/turismo.elejido.es\\\/wp-content\\\/uploads\\\/2020\\\/12\\\/elejidoNaranja.png\",\"width\":163,\"height\":92,\"caption\":\"Turismo El Ejido\"},\"image\":{\"@id\":\"https:\\\/\\\/turismo.elejido.es\\\/#\\\/schema\\\/logo\\\/image\\\/\"}}]}<\/script>\n<!-- \/ Yoast SEO plugin. -->","yoast_head_json":{"title":"Oferta Complementaria - Turismo El Ejido","description":"Conoce la amplia variedad de la oferta tur\u00edstica complementaria disponible en El Ejido y sus datos de contacto.","robots":{"index":"index","follow":"follow","max-snippet":"max-snippet:-1","max-image-preview":"max-image-preview:large","max-video-preview":"max-video-preview:-1"},"canonical":"https:\/\/turismo.elejido.es\/index.php\/profesional\/material-para-touroperadores-y-agencias-de-viajes\/oferta-complementaria\/","og_locale":"es_ES","og_type":"article","og_title":"Oferta Complementaria - Turismo El Ejido","og_description":"Conoce la amplia variedad de la oferta tur\u00edstica complementaria disponible en El Ejido y sus datos de contacto.","og_url":"https:\/\/turismo.elejido.es\/index.php\/profesional\/material-para-touroperadores-y-agencias-de-viajes\/oferta-complementaria\/","og_site_name":"Turismo El Ejido","article_modified_time":"2023-03-23T12:56:00+00:00","og_image":[{"url":"https:\/\/app.elejido.es\/turismo\/wp-content\/uploads\/2021\/02\/Remoparallax.jpg","type":"","width":"","height":""}],"twitter_card":"summary_large_image","twitter_misc":{"Tiempo de lectura":"3 minutos"},"schema":{"@context":"https:\/\/schema.org","@graph":[{"@type":"WebPage","@id":"https:\/\/turismo.elejido.es\/index.php\/profesional\/material-para-touroperadores-y-agencias-de-viajes\/oferta-complementaria\/","url":"https:\/\/turismo.elejido.es\/index.php\/profesional\/material-para-touroperadores-y-agencias-de-viajes\/oferta-complementaria\/","name":"Oferta Complementaria - Turismo El Ejido","isPartOf":{"@id":"https:\/\/turismo.elejido.es\/#website"},"primaryImageOfPage":{"@id":"https:\/\/turismo.elejido.es\/index.php\/profesional\/material-para-touroperadores-y-agencias-de-viajes\/oferta-complementaria\/#primaryimage"},"image":{"@id":"https:\/\/turismo.elejido.es\/index.php\/profesional\/material-para-touroperadores-y-agencias-de-viajes\/oferta-complementaria\/#primaryimage"},"thumbnailUrl":"https:\/\/app.elejido.es\/turismo\/wp-content\/uploads\/2021\/02\/Remoparallax.jpg","datePublished":"2021-07-05T09:47:22+00:00","dateModified":"2023-03-23T12:56:00+00:00","description":"Conoce la amplia variedad de la oferta tur\u00edstica complementaria disponible en El Ejido y sus datos de contacto.","breadcrumb":{"@id":"https:\/\/turismo.elejido.es\/index.php\/profesional\/material-para-touroperadores-y-agencias-de-viajes\/oferta-complementaria\/#breadcrumb"},"inLanguage":"es","potentialAction":[{"@type":"ReadAction","target":["https:\/\/turismo.elejido.es\/index.php\/profesional\/material-para-touroperadores-y-agencias-de-viajes\/oferta-complementaria\/"]}]},{"@type":"ImageObject","inLanguage":"es","@id":"https:\/\/turismo.elejido.es\/index.php\/profesional\/material-para-touroperadores-y-agencias-de-viajes\/oferta-complementaria\/#primaryimage","url":"https:\/\/app.elejido.es\/turismo\/wp-content\/uploads\/2021\/02\/Remoparallax.jpg","contentUrl":"https:\/\/app.elejido.es\/turismo\/wp-content\/uploads\/2021\/02\/Remoparallax.jpg"},{"@type":"BreadcrumbList","@id":"https:\/\/turismo.elejido.es\/index.php\/profesional\/material-para-touroperadores-y-agencias-de-viajes\/oferta-complementaria\/#breadcrumb","itemListElement":[{"@type":"ListItem","position":1,"name":"Inicio","item":"https:\/\/app.elejido.es\/turismo\/"},{"@type":"ListItem","position":2,"name":"Profesional","item":"https:\/\/turismo.elejido.es\/index.php\/profesional\/"},{"@type":"ListItem","position":3,"name":"Material para touroperadores y agencias de viajes","item":"https:\/\/turismo.elejido.es\/index.php\/profesional\/material-para-touroperadores-y-agencias-de-viajes\/"},{"@type":"ListItem","position":4,"name":"Oferta Complementaria"}]},{"@type":"WebSite","@id":"https:\/\/turismo.elejido.es\/#website","url":"https:\/\/turismo.elejido.es\/","name":"Turismo El Ejido","description":"Portal Oficial de Turismo del Municipio de El Ejido, Almerimar y Balerma situado en la costa de Almer\u00eda.","publisher":{"@id":"https:\/\/turismo.elejido.es\/#organization"},"potentialAction":[{"@type":"SearchAction","target":{"@type":"EntryPoint","urlTemplate":"https:\/\/turismo.elejido.es\/?s={search_term_string}"},"query-input":{"@type":"PropertyValueSpecification","valueRequired":true,"valueName":"search_term_string"}}],"inLanguage":"es"},{"@type":"Organization","@id":"https:\/\/turismo.elejido.es\/#organization","name":"Turismo El Ejido","url":"https:\/\/turismo.elejido.es\/","logo":{"@type":"ImageObject","inLanguage":"es","@id":"https:\/\/turismo.elejido.es\/#\/schema\/logo\/image\/","url":"https:\/\/turismo.elejido.es\/wp-content\/uploads\/2020\/12\/elejidoNaranja.png","contentUrl":"https:\/\/turismo.elejido.es\/wp-content\/uploads\/2020\/12\/elejidoNaranja.png","width":163,"height":92,"caption":"Turismo El Ejido"},"image":{"@id":"https:\/\/turismo.elejido.es\/#\/schema\/logo\/image\/"}}]}},"_links":{"self":[{"href":"https:\/\/turismo.elejido.es\/index.php\/wp-json\/wp\/v2\/pages\/14300","targetHints":{"allow":["GET"]}}],"collection":[{"href":"https:\/\/turismo.elejido.es\/index.php\/wp-json\/wp\/v2\/pages"}],"about":[{"href":"https:\/\/turismo.elejido.es\/index.php\/wp-json\/wp\/v2\/types\/page"}],"author":[{"embeddable":true,"href":"https:\/\/turismo.elejido.es\/index.php\/wp-json\/wp\/v2\/users\/5"}],"replies":[{"embeddable":true,"href":"https:\/\/turismo.elejido.es\/index.php\/wp-json\/wp\/v2\/comments?post=14300"}],"version-history":[{"count":0,"href":"https:\/\/turismo.elejido.es\/index.php\/wp-json\/wp\/v2\/pages\/14300\/revisions"}],"up":[{"embeddable":true,"href":"https:\/\/turismo.elejido.es\/index.php\/wp-json\/wp\/v2\/pages\/12258"}],"wp:attachment":[{"href":"https:\/\/turismo.elejido.es\/index.php\/wp-json\/wp\/v2\/media?parent=14300"}],"curies":[{"name":"wp","href":"https:\/\/api.w.org\/{rel}","templated":true}]}}