{"id":14525,"date":"2021-07-06T11:23:21","date_gmt":"2021-07-06T09:23:21","guid":{"rendered":"https:\/\/turismo.elejido.es\/?page_id=14525"},"modified":"2025-02-12T12:57:53","modified_gmt":"2025-02-12T11:57:53","slug":"politica-de-cookies","status":"publish","type":"page","link":"https:\/\/turismo.elejido.es\/index.php\/politica-de-cookies\/","title":{"rendered":"Pol\u00edtica de Privacidad y Cookies"},"content":{"rendered":"\n<div style=\"height:25px\" aria-hidden=\"true\" class=\"wp-block-spacer\"><\/div>\n\n\n\n<div class=\"wp-block-group container\"><div class=\"wp-block-group__inner-container is-layout-flow wp-block-group-is-layout-flow\"><div class=\"breadcrumbs align  wp-block-bcn-breadcrumb-trail has-text-color has-background\" vocab=\"https:\/\/schema.org\/\" typeof=\"BreadcrumbList\">\n\t<span><\/span>\n\t<span property=\"itemListElement\" typeof=\"ListItem\"><a property=\"item\" typeof=\"WebPage\" title=\"Ir a Turismo El Ejido.\" href=\"https:\/\/turismo.elejido.es\" class=\"home\" aria-current=\"page\"><span property=\"name\">Turismo El Ejido<\/span><\/a><meta property=\"position\" content=\"1\"><\/span><\/div>\n\n\n\n<div style=\"height:100px\" aria-hidden=\"true\" class=\"wp-block-spacer\"><\/div>\n\n\n\n<h2 class=\"wp-block-heading\">Pol\u00edtica de privacidad<\/h2>\n\n\n\n<p>En base a lo dispuesto por el Reglamento (UE) 2016\/679 del Parlamento Europeo y del Consejo sobre protecci\u00f3n de datos de car\u00e1cter personal y dem\u00e1s disposiciones de aplicaci\u00f3n estos datos se incorporar\u00e1n a las correspondientes actividades de tratamiento del Ayuntamiento de El Ejido, a trav\u00e9s del \u00c1rea de Turismo, Fomento, Comercio, Sanidad y Consumo, y ser\u00e1n tratados con la finalidad espec\u00edfica de cada tratamiento.<\/p>\n\n\n\n<p>Como responsable de los diversos tratamientos de datos personales que realizamos le informamos que nuestros datos son:<\/p>\n\n\n\n<p>AYUNTAMIENTO DE EL EJIDO<\/p>\n\n\n\n<p>NIF: P0410400F<\/p>\n\n\n\n<p>Domicilio en: Calle Cervantes, 132, 04700 \u2013 El Ejido \u2013 Almer\u00eda \u2013 Espa\u00f1a<\/p>\n\n\n\n<p>Tel\u00e9fono: 950510000<\/p>\n\n\n\n<p>Email: privacidad@elejido.es<\/p>\n\n\n\n<p>As\u00ed mismo le informamos que puede contactar con nuestro Delegado de Protecci\u00f3n de Datos (DPD) en la direcci\u00f3n de correo electr\u00f3nico dpd@elejido.es<\/p>\n\n\n\n<p>El tratamiento de sus datos se puede llevar a cabo para el cumplimiento de obligaciones legales, de una misi\u00f3n realizada en inter\u00e9s p\u00fablico, por la protecci\u00f3n de intereses vitales, la ejecuci\u00f3n de un contrato. Cuando la finalidad del tratamiento requiera su consentimiento, que habr\u00e1 de ser prestado mediante una clara acci\u00f3n afirmativa.<\/p>\n\n\n\n<p>El plazo de conservaci\u00f3n de los datos depender\u00e1 de lo especificado para cada tratamiento de datos personales.<\/p>\n\n\n\n<p>En ning\u00fan caso se ceder\u00e1n datos a terceros.<\/p>\n\n\n\n<p>El Ayuntamiento de El Ejido como responsable de tratamientos de car\u00e1cter personal, adoptar\u00e1 las medidas de \u00edndole t\u00e9cnica y organizativas necesarias que garanticen la seguridad de los datos de car\u00e1cter personal y eviten su alteraci\u00f3n, p\u00e9rdida, tratamiento o acceso no autorizado, habida cuenta del estado de la tecnolog\u00eda, la naturaleza de los datos almacenados y los riesgos a que est\u00e1n expuestos, ya provengan de la acci\u00f3n humana o del medio f\u00edsico o natural. El Ayuntamiento de El Ejido garantiza la confidencialidad de los datos de car\u00e1cter personal facilitados bajo el control y las medidas de seguridad anteriormente citadas.<\/p>\n\n\n\n<p>Puede consultar nuestro registro de actividades de tratamiento en el siguiente enlace:&nbsp;<a href=\"https:\/\/transparencia.elejido.es\/index.php\/publicidad-activa\/tratamiento-de-los-datos\" target=\"_blank\" rel=\"noreferrer noopener\">Tratamiento de los datos en Portal de Transparencia<\/a><\/p>\n\n\n\n<p>Las personas cuyos datos personales sean tratados por el Ayuntamiento de El Ejido podr\u00e1n ejercitar los derechos de acceso, rectificaci\u00f3n, supresi\u00f3n, oposici\u00f3n, limitaci\u00f3n del tratamiento y portabilidad, as\u00ed como a oponerse a la toma de decisiones individuales automatizadas, incluida la elaboraci\u00f3n de perfiles, en la forma prevista en la legislaci\u00f3n vigente sobre la materia. Para obtener m\u00e1s informaci\u00f3n sobre sus derechos puede consultar el siguiente enlace:&nbsp;<a href=\"https:\/\/www.aepd.es\/reglamento\/derechos\/index.html\" target=\"_blank\" rel=\"noreferrer noopener\">https:\/\/www.aepd.es\/reglamento\/derechos\/index.html<\/a><\/p>\n\n\n\n<p>Para ejercer sus derechos pueden dirigirse ante el Ayuntamiento de El Ejido, C\/Cervantes, 132, 04700 \u2013 El Ejido \u2013 Almer\u00eda \u2013 Espa\u00f1a o enviando mensaje a privacidad@elejido.es o bien dirigirse a nuestro delegado de protecci\u00f3n de datos en el correo dpd@elejido.es<\/p>\n\n\n\n<p>Los usuarios tambi\u00e9n tienen derecho a presentar una reclamaci\u00f3n ante la Agencia Espa\u00f1ola de Protecci\u00f3n de Datos.<\/p>\n\n\n\n<div style=\"height:50px\" aria-hidden=\"true\" class=\"wp-block-spacer\"><\/div>\n\n\n\n<h2 class=\"wp-block-heading\">Pol\u00edtica de Cookies<\/h2>\n\n\n\n<h3 class=\"wp-block-heading\">\u00bfQu\u00e9 es una Cookie?<\/h3>\n\n\n\n<p>Este sitio web utiliza cookies y\/o tecnolog\u00edas similares que almacenan y recuperan<br>informaci\u00f3n cuando navegas. En general, estas tecnolog\u00edas pueden servir para finalidades muy diversas, como, por ejemplo, reconocerte como usuario, obtener informaci\u00f3n sobre tus h\u00e1bitos de navegaci\u00f3n, o personalizar la forma en que se muestra<br>el contenido. Los usos concretos que hacemos de estas tecnolog\u00edas se describen a continuaci\u00f3n. <\/p>\n\n\n\n<h3 class=\"wp-block-heading\">\u00bfQu\u00e9 tipos de cookies utiliza esta web?<\/h3>\n\n\n\n<p>Esta web adem\u00e1s de las cookies estrictamente necesarias utiliza otras que que bien tratadas por nosotros o por terceros, nos permiten mejorar los servicios que proporcionamos. Para ello se analiza su navegaci\u00f3n en nuestra p\u00e1gina web con el fin de mejorar la oferta de productos o servicios que le ofrecemos. Esta web incorpora Google Analytics, que tambi\u00e9n crean sus propias cookies. A continuaci\u00f3n se enumeran las cookies utilizadas en esta web.<\/p>\n\n\n\n<figure class=\"wp-block-table\"><table><tbody><tr><td>_ga _gat<\/td><td>(Google Analytics) Estas cookies se utilizan para recopilar informaci\u00f3n anal\u00edtica acerca de c\u00f3mo los visitantes usan la web. Toda la informaci\u00f3n se recoge de forma an\u00f3nima e incluye estad\u00edsticas, como el uso del navegador, p\u00e1ginas visitadas, tiempo que permanece en la p\u00e1gina, etc. Informaci\u00f3n Google la privacidad: <a href=\"http:\/\/www.google.com\/intl\/en\/policies\/privacy\/\" target=\"_blank\" rel=\"noreferrer noopener\">www.google.com\/intl\/en\/policies\/privacy\/<\/a> Usted puede optar por salir de seguimiento de Google Analytics mediante la instalaci\u00f3n de un plug -in de navegador de <a href=\"http:\/\/tools.google.com\/dlpage\/gaoptout?hl=en\" target=\"_blank\" rel=\"noreferrer noopener\">http:\/\/tools.google.com\/dlpage\/gaoptout?hl=en<\/a><\/td><\/tr><tr><td>pll_language<\/td><td>Cookie utilizada para conocer el idioma de navegaci\u00f3n. <\/td><\/tr><\/tbody><\/table><\/figure>\n\n\n\n<p><\/p>\n\n\n\n<p id=\"aui_3_2_0_1139\">Se aplica lo dispuesto en el art\u00edculo 22.2 de la Ley 34\/2002, de 11 de julio, de Servicios de la Sociedad de la Informaci\u00f3n y de Comercio Electr\u00f3nico. Si desea mas informaci\u00f3n sobre el uso de las cookies clic en el siguiente enlace: https:\/\/www.aepd.es\/. <\/p>\n\n\n\n<div style=\"height:25px\" aria-hidden=\"true\" class=\"wp-block-spacer\"><\/div>\n\n\n\n<h3 class=\"wp-block-heading\">C\u00f3mo modificar la configuraci\u00f3n de Cookies<\/h3>\n\n\n\n<p>La forma de hacerlo ser\u00e1 diferente en funci\u00f3n del tipo de navegador utilizado durante la navegaci\u00f3n. En los siguientes enlaces tiene a su disposici\u00f3n toda la informaci\u00f3n para configurar o deshabilitar las cookies en cada navegador:<\/p>\n\n\n\n<figure class=\"wp-block-table\"><table><tbody><tr><td>&nbsp;Google Chrome<\/td><td><a href=\"https:\/\/support.google.com\/chrome\/answer\/95647?hl=es\" target=\"_blank\" rel=\"noreferrer noopener\">https:\/\/support.google.com\/chrome\/answer\/95647?hl=es<\/a><\/td><\/tr><tr><td>&nbsp;Mozilla Firefox<\/td><td><a href=\"https:\/\/support.mozilla.org\/es\/kb\/habilitar-y-deshabilitar-cookies-que-los-sitios-we?redirectlocale=es&amp;redirectslug=Habilitar+y+deshabilitar+cookies\" target=\"_blank\" rel=\"noreferrer noopener\">https:\/\/support.mozilla.org\/es\/kb\/habilitar-y-deshabilitar-cookies-que-los-sitios-we?redirectlocale=es&amp;redirectslug=Habilitar+y+deshabilitar+cookies<\/a><\/td><\/tr><tr><td>&nbsp;Internet Explorer<\/td><td><a href=\"http:\/\/windows.microsoft.com\/es-ES\/windows7\/How-to-manage-cookies-in-Internet-Explorer-9\" target=\"_blank\" rel=\"noreferrer noopener\">http:\/\/windows.microsoft.com\/es-ES\/windows7\/How-to-manage-cookies-in-Internet-Explorer-9<\/a><\/td><\/tr><tr><td>&nbsp;Safari<\/td><td><a href=\"http:\/\/support.apple.com\/kb\/PH11913\" target=\"_blank\" rel=\"noreferrer noopener\">http:\/\/support.apple.com\/kb\/PH11913<\/a><\/td><\/tr><\/tbody><\/table><\/figure>\n\n\n\n<figure class=\"wp-block-table\"><table><tbody><tr><td>IOS<\/td><td><a href=\"http:\/\/support.apple.com\/kb\/HT1677\" target=\"_blank\" rel=\"noreferrer noopener\">http:\/\/support.apple.com\/kb\/HT1677<\/a><\/td><\/tr><tr><td>Android<\/td><td><a href=\"https:\/\/support.google.com\/android\/?hl=es\" target=\"_blank\" rel=\"noreferrer noopener\">https:\/\/support.google.com\/android\/?hl=es<\/a><\/td><\/tr><tr><td>Blackberry<\/td><td><a href=\"http:\/\/docs.blackberry.com\/en\/smartphone_users\/deliverables\/32004\/Turn_off_cookies_in_the_browser_60_1072866_11.jsp\" target=\"_blank\" rel=\"noreferrer noopener\">http:\/\/docs.blackberry.com\/en\/smartphone_users\/deliverables\/32004\/Turn_off_cookies_in_the_browser_60_1072866_11.jsp<\/a><\/td><\/tr><tr><td>Windows Phone<\/td><td><a href=\"http:\/\/www.windowsphone.com\/en-us\/how-to\/wp7\/web\/changing-privacy-and-other-browser-settings\" target=\"_blank\" rel=\"noreferrer noopener\">http:\/\/www.windowsphone.com\/en-us\/how-to\/wp7\/web\/changing-privacy-and-other-browser-settings<\/a><\/td><\/tr><\/tbody><\/table><\/figure>\n\n\n\n<p><\/p>\n<\/div><\/div>\n","protected":false},"excerpt":{"rendered":"<p>Pol\u00edtica de privacidad En base a lo dispuesto por el Reglamento (UE) 2016\/679 del Parlamento Europeo y del Consejo sobre protecci\u00f3n de datos de car\u00e1cter personal y dem\u00e1s disposiciones de aplicaci\u00f3n estos datos se incorporar\u00e1n a las correspondientes actividades de tratamiento del Ayuntamiento de El Ejido, a trav\u00e9s del \u00c1rea de Turismo, Fomento, Comercio, Sanidad [&hellip;]<\/p>\n","protected":false},"author":5,"featured_media":0,"parent":0,"menu_order":0,"comment_status":"closed","ping_status":"closed","template":"","meta":{"ocean_post_layout":"","ocean_both_sidebars_style":"","ocean_both_sidebars_content_width":0,"ocean_both_sidebars_sidebars_width":0,"ocean_sidebar":"0","ocean_second_sidebar":"0","ocean_disable_margins":"enable","ocean_add_body_class":"","ocean_shortcode_before_top_bar":"","ocean_shortcode_after_top_bar":"","ocean_shortcode_before_header":"","ocean_shortcode_after_header":"","ocean_has_shortcode":"","ocean_shortcode_after_title":"","ocean_shortcode_before_footer_widgets":"","ocean_shortcode_after_footer_widgets":"","ocean_shortcode_before_footer_bottom":"","ocean_shortcode_after_footer_bottom":"","ocean_display_top_bar":"default","ocean_display_header":"default","ocean_header_style":"","ocean_center_header_left_menu":"0","ocean_custom_header_template":"0","ocean_custom_logo":0,"ocean_custom_retina_logo":0,"ocean_custom_logo_max_width":0,"ocean_custom_logo_tablet_max_width":0,"ocean_custom_logo_mobile_max_width":0,"ocean_custom_logo_max_height":0,"ocean_custom_logo_tablet_max_height":0,"ocean_custom_logo_mobile_max_height":0,"ocean_header_custom_menu":"0","ocean_menu_typo_font_family":"0","ocean_menu_typo_font_subset":"","ocean_menu_typo_font_size":0,"ocean_menu_typo_font_size_tablet":0,"ocean_menu_typo_font_size_mobile":0,"ocean_menu_typo_font_size_unit":"px","ocean_menu_typo_font_weight":"","ocean_menu_typo_font_weight_tablet":"","ocean_menu_typo_font_weight_mobile":"","ocean_menu_typo_transform":"","ocean_menu_typo_transform_tablet":"","ocean_menu_typo_transform_mobile":"","ocean_menu_typo_line_height":0,"ocean_menu_typo_line_height_tablet":0,"ocean_menu_typo_line_height_mobile":0,"ocean_menu_typo_line_height_unit":"","ocean_menu_typo_spacing":0,"ocean_menu_typo_spacing_tablet":0,"ocean_menu_typo_spacing_mobile":0,"ocean_menu_typo_spacing_unit":"","ocean_menu_link_color":"","ocean_menu_link_color_hover":"","ocean_menu_link_color_active":"","ocean_menu_link_background":"","ocean_menu_link_hover_background":"","ocean_menu_link_active_background":"","ocean_menu_social_links_bg":"","ocean_menu_social_hover_links_bg":"","ocean_menu_social_links_color":"","ocean_menu_social_hover_links_color":"","ocean_disable_title":"default","ocean_disable_heading":"default","ocean_post_title":"","ocean_post_subheading":"","ocean_post_title_style":"","ocean_post_title_background_color":"","ocean_post_title_background":0,"ocean_post_title_bg_image_position":"","ocean_post_title_bg_image_attachment":"","ocean_post_title_bg_image_repeat":"","ocean_post_title_bg_image_size":"","ocean_post_title_height":0,"ocean_post_title_bg_overlay":0.5,"ocean_post_title_bg_overlay_color":"","ocean_disable_breadcrumbs":"default","ocean_breadcrumbs_color":"","ocean_breadcrumbs_separator_color":"","ocean_breadcrumbs_links_color":"","ocean_breadcrumbs_links_hover_color":"","ocean_display_footer_widgets":"default","ocean_display_footer_bottom":"default","ocean_custom_footer_template":"0","footnotes":""},"class_list":["post-14525","page","type-page","status-publish","hentry","entry"],"yoast_head":"<!-- This site is optimized with the Yoast SEO plugin v27.3 - https:\/\/yoast.com\/product\/yoast-seo-wordpress\/ -->\n<title>Pol\u00edtica de Privacidad y Cookies - Turismo El Ejido<\/title>\n<meta name=\"robots\" content=\"index, follow, max-snippet:-1, max-image-preview:large, max-video-preview:-1\" \/>\n<link rel=\"canonical\" href=\"https:\/\/turismo.elejido.es\/index.php\/politica-de-cookies\/\" \/>\n<meta property=\"og:locale\" content=\"es_ES\" \/>\n<meta property=\"og:type\" content=\"article\" \/>\n<meta property=\"og:title\" content=\"Pol\u00edtica de Privacidad y Cookies - Turismo El Ejido\" \/>\n<meta property=\"og:description\" content=\"Pol\u00edtica de privacidad En base a lo dispuesto por el Reglamento (UE) 2016\/679 del Parlamento Europeo y del Consejo sobre protecci\u00f3n de datos de car\u00e1cter personal y dem\u00e1s disposiciones de aplicaci\u00f3n estos datos se incorporar\u00e1n a las correspondientes actividades de tratamiento del Ayuntamiento de El Ejido, a trav\u00e9s del \u00c1rea de Turismo, Fomento, Comercio, Sanidad [&hellip;]\" \/>\n<meta property=\"og:url\" content=\"https:\/\/turismo.elejido.es\/index.php\/politica-de-cookies\/\" \/>\n<meta property=\"og:site_name\" content=\"Turismo El Ejido\" \/>\n<meta property=\"article:modified_time\" content=\"2025-02-12T11:57:53+00:00\" \/>\n<meta name=\"twitter:card\" content=\"summary_large_image\" \/>\n<meta name=\"twitter:label1\" content=\"Tiempo de lectura\" \/>\n\t<meta name=\"twitter:data1\" content=\"4 minutos\" \/>\n<script type=\"application\/ld+json\" class=\"yoast-schema-graph\">{\"@context\":\"https:\\\/\\\/schema.org\",\"@graph\":[{\"@type\":\"WebPage\",\"@id\":\"https:\\\/\\\/turismo.elejido.es\\\/index.php\\\/politica-de-cookies\\\/\",\"url\":\"https:\\\/\\\/turismo.elejido.es\\\/index.php\\\/politica-de-cookies\\\/\",\"name\":\"Pol\u00edtica de Privacidad y Cookies - Turismo El Ejido\",\"isPartOf\":{\"@id\":\"https:\\\/\\\/turismo.elejido.es\\\/#website\"},\"datePublished\":\"2021-07-06T09:23:21+00:00\",\"dateModified\":\"2025-02-12T11:57:53+00:00\",\"breadcrumb\":{\"@id\":\"https:\\\/\\\/turismo.elejido.es\\\/index.php\\\/politica-de-cookies\\\/#breadcrumb\"},\"inLanguage\":\"es\",\"potentialAction\":[{\"@type\":\"ReadAction\",\"target\":[\"https:\\\/\\\/turismo.elejido.es\\\/index.php\\\/politica-de-cookies\\\/\"]}]},{\"@type\":\"BreadcrumbList\",\"@id\":\"https:\\\/\\\/turismo.elejido.es\\\/index.php\\\/politica-de-cookies\\\/#breadcrumb\",\"itemListElement\":[{\"@type\":\"ListItem\",\"position\":1,\"name\":\"Inicio\",\"item\":\"https:\\\/\\\/app.elejido.es\\\/turismo\\\/\"},{\"@type\":\"ListItem\",\"position\":2,\"name\":\"Pol\u00edtica de Privacidad y Cookies\"}]},{\"@type\":\"WebSite\",\"@id\":\"https:\\\/\\\/turismo.elejido.es\\\/#website\",\"url\":\"https:\\\/\\\/turismo.elejido.es\\\/\",\"name\":\"Turismo El Ejido\",\"description\":\"Portal Oficial de Turismo del Municipio de El Ejido, Almerimar y Balerma situado en la costa de Almer\u00eda.\",\"publisher\":{\"@id\":\"https:\\\/\\\/turismo.elejido.es\\\/#organization\"},\"potentialAction\":[{\"@type\":\"SearchAction\",\"target\":{\"@type\":\"EntryPoint\",\"urlTemplate\":\"https:\\\/\\\/turismo.elejido.es\\\/?s={search_term_string}\"},\"query-input\":{\"@type\":\"PropertyValueSpecification\",\"valueRequired\":true,\"valueName\":\"search_term_string\"}}],\"inLanguage\":\"es\"},{\"@type\":\"Organization\",\"@id\":\"https:\\\/\\\/turismo.elejido.es\\\/#organization\",\"name\":\"Turismo El Ejido\",\"url\":\"https:\\\/\\\/turismo.elejido.es\\\/\",\"logo\":{\"@type\":\"ImageObject\",\"inLanguage\":\"es\",\"@id\":\"https:\\\/\\\/turismo.elejido.es\\\/#\\\/schema\\\/logo\\\/image\\\/\",\"url\":\"https:\\\/\\\/turismo.elejido.es\\\/wp-content\\\/uploads\\\/2020\\\/12\\\/elejidoNaranja.png\",\"contentUrl\":\"https:\\\/\\\/turismo.elejido.es\\\/wp-content\\\/uploads\\\/2020\\\/12\\\/elejidoNaranja.png\",\"width\":163,\"height\":92,\"caption\":\"Turismo El Ejido\"},\"image\":{\"@id\":\"https:\\\/\\\/turismo.elejido.es\\\/#\\\/schema\\\/logo\\\/image\\\/\"}}]}<\/script>\n<!-- \/ Yoast SEO plugin. -->","yoast_head_json":{"title":"Pol\u00edtica de Privacidad y Cookies - Turismo El Ejido","robots":{"index":"index","follow":"follow","max-snippet":"max-snippet:-1","max-image-preview":"max-image-preview:large","max-video-preview":"max-video-preview:-1"},"canonical":"https:\/\/turismo.elejido.es\/index.php\/politica-de-cookies\/","og_locale":"es_ES","og_type":"article","og_title":"Pol\u00edtica de Privacidad y Cookies - Turismo El Ejido","og_description":"Pol\u00edtica de privacidad En base a lo dispuesto por el Reglamento (UE) 2016\/679 del Parlamento Europeo y del Consejo sobre protecci\u00f3n de datos de car\u00e1cter personal y dem\u00e1s disposiciones de aplicaci\u00f3n estos datos se incorporar\u00e1n a las correspondientes actividades de tratamiento del Ayuntamiento de El Ejido, a trav\u00e9s del \u00c1rea de Turismo, Fomento, Comercio, Sanidad [&hellip;]","og_url":"https:\/\/turismo.elejido.es\/index.php\/politica-de-cookies\/","og_site_name":"Turismo El Ejido","article_modified_time":"2025-02-12T11:57:53+00:00","twitter_card":"summary_large_image","twitter_misc":{"Tiempo de lectura":"4 minutos"},"schema":{"@context":"https:\/\/schema.org","@graph":[{"@type":"WebPage","@id":"https:\/\/turismo.elejido.es\/index.php\/politica-de-cookies\/","url":"https:\/\/turismo.elejido.es\/index.php\/politica-de-cookies\/","name":"Pol\u00edtica de Privacidad y Cookies - Turismo El Ejido","isPartOf":{"@id":"https:\/\/turismo.elejido.es\/#website"},"datePublished":"2021-07-06T09:23:21+00:00","dateModified":"2025-02-12T11:57:53+00:00","breadcrumb":{"@id":"https:\/\/turismo.elejido.es\/index.php\/politica-de-cookies\/#breadcrumb"},"inLanguage":"es","potentialAction":[{"@type":"ReadAction","target":["https:\/\/turismo.elejido.es\/index.php\/politica-de-cookies\/"]}]},{"@type":"BreadcrumbList","@id":"https:\/\/turismo.elejido.es\/index.php\/politica-de-cookies\/#breadcrumb","itemListElement":[{"@type":"ListItem","position":1,"name":"Inicio","item":"https:\/\/app.elejido.es\/turismo\/"},{"@type":"ListItem","position":2,"name":"Pol\u00edtica de Privacidad y Cookies"}]},{"@type":"WebSite","@id":"https:\/\/turismo.elejido.es\/#website","url":"https:\/\/turismo.elejido.es\/","name":"Turismo El Ejido","description":"Portal Oficial de Turismo del Municipio de El Ejido, Almerimar y Balerma situado en la costa de Almer\u00eda.","publisher":{"@id":"https:\/\/turismo.elejido.es\/#organization"},"potentialAction":[{"@type":"SearchAction","target":{"@type":"EntryPoint","urlTemplate":"https:\/\/turismo.elejido.es\/?s={search_term_string}"},"query-input":{"@type":"PropertyValueSpecification","valueRequired":true,"valueName":"search_term_string"}}],"inLanguage":"es"},{"@type":"Organization","@id":"https:\/\/turismo.elejido.es\/#organization","name":"Turismo El Ejido","url":"https:\/\/turismo.elejido.es\/","logo":{"@type":"ImageObject","inLanguage":"es","@id":"https:\/\/turismo.elejido.es\/#\/schema\/logo\/image\/","url":"https:\/\/turismo.elejido.es\/wp-content\/uploads\/2020\/12\/elejidoNaranja.png","contentUrl":"https:\/\/turismo.elejido.es\/wp-content\/uploads\/2020\/12\/elejidoNaranja.png","width":163,"height":92,"caption":"Turismo El Ejido"},"image":{"@id":"https:\/\/turismo.elejido.es\/#\/schema\/logo\/image\/"}}]}},"_links":{"self":[{"href":"https:\/\/turismo.elejido.es\/index.php\/wp-json\/wp\/v2\/pages\/14525","targetHints":{"allow":["GET"]}}],"collection":[{"href":"https:\/\/turismo.elejido.es\/index.php\/wp-json\/wp\/v2\/pages"}],"about":[{"href":"https:\/\/turismo.elejido.es\/index.php\/wp-json\/wp\/v2\/types\/page"}],"author":[{"embeddable":true,"href":"https:\/\/turismo.elejido.es\/index.php\/wp-json\/wp\/v2\/users\/5"}],"replies":[{"embeddable":true,"href":"https:\/\/turismo.elejido.es\/index.php\/wp-json\/wp\/v2\/comments?post=14525"}],"version-history":[{"count":0,"href":"https:\/\/turismo.elejido.es\/index.php\/wp-json\/wp\/v2\/pages\/14525\/revisions"}],"wp:attachment":[{"href":"https:\/\/turismo.elejido.es\/index.php\/wp-json\/wp\/v2\/media?parent=14525"}],"curies":[{"name":"wp","href":"https:\/\/api.w.org\/{rel}","templated":true}]}}