{"id":1675,"date":"2020-12-15T12:43:30","date_gmt":"2020-12-15T11:43:30","guid":{"rendered":"http:\/\/localhost\/wordpress\/?page_id=1675"},"modified":"2024-04-17T13:51:43","modified_gmt":"2024-04-17T11:51:43","slug":"sonstenibilidad","status":"publish","type":"page","link":"https:\/\/turismo.elejido.es\/index.php\/sonstenibilidad\/","title":{"rendered":"Sostenibilidad"},"content":{"rendered":"\n<div class=\"wp-block-nk-awb nk-awb alturaSlider is-layout-constrained wp-block-nk-awb-is-layout-constrained\"><div class=\"nk-awb-wrap\" data-awb-type=\"image\" data-awb-image-background-size=\"cover\" data-awb-image-background-position=\"11% 90%\" data-awb-parallax=\"scroll\" data-awb-parallax-speed=\"0.5\" data-awb-parallax-mobile=\"false\"><div class=\"nk-awb-inner\"><img loading=\"lazy\" decoding=\"async\" src=\"https:\/\/app.elejido.es\/turismo\/wp-content\/uploads\/2021\/05\/consejos-para-vacaciones-sostenibles.jpg\" class=\"wp-image-11885 jarallax-img\" width=\"1400\" height=\"2100\" srcset=\"https:\/\/turismo.elejido.es\/wp-content\/uploads\/2021\/05\/consejos-para-vacaciones-sostenibles.jpg 1400w, https:\/\/turismo.elejido.es\/wp-content\/uploads\/2021\/05\/consejos-para-vacaciones-sostenibles-200x300.jpg 200w, https:\/\/turismo.elejido.es\/wp-content\/uploads\/2021\/05\/consejos-para-vacaciones-sostenibles-433x650.jpg 433w, https:\/\/turismo.elejido.es\/wp-content\/uploads\/2021\/05\/consejos-para-vacaciones-sostenibles-768x1152.jpg 768w, https:\/\/turismo.elejido.es\/wp-content\/uploads\/2021\/05\/consejos-para-vacaciones-sostenibles-1024x1536.jpg 1024w, https:\/\/turismo.elejido.es\/wp-content\/uploads\/2021\/05\/consejos-para-vacaciones-sostenibles-1365x2048.jpg 1365w, https:\/\/turismo.elejido.es\/wp-content\/uploads\/2021\/05\/consejos-para-vacaciones-sostenibles-500x750.jpg 500w, https:\/\/turismo.elejido.es\/wp-content\/uploads\/2021\/05\/consejos-para-vacaciones-sostenibles-800x1200.jpg 800w, https:\/\/turismo.elejido.es\/wp-content\/uploads\/2021\/05\/consejos-para-vacaciones-sostenibles-1280x1920.jpg 1280w\" sizes=\"auto, (max-width: 1400px) 100vw, 1400px\" \/><\/div><\/div><\/div>\n\n\n\n<div style=\"height:25px\" aria-hidden=\"true\" class=\"wp-block-spacer\"><\/div>\n\n\n\n<div class=\"wp-block-group container\"><div class=\"wp-block-group__inner-container is-layout-flow wp-block-group-is-layout-flow\"><div class=\"breadcrumbs align  wp-block-bcn-breadcrumb-trail has-text-color has-background\" vocab=\"https:\/\/schema.org\/\" typeof=\"BreadcrumbList\">\n\t<span><\/span>\n\t<span property=\"itemListElement\" typeof=\"ListItem\"><a property=\"item\" typeof=\"WebPage\" title=\"Ir a Turismo El Ejido.\" href=\"https:\/\/turismo.elejido.es\" class=\"home\" aria-current=\"page\"><span property=\"name\">Turismo El Ejido<\/span><\/a><meta property=\"position\" content=\"1\"><\/span><\/div>\n\n\n\n<div style=\"height:70px\" aria-hidden=\"true\" class=\"wp-block-spacer\"><\/div>\n\n\n<div id=\"pl-gb1675-69d69930e15e3\"  class=\"panel-layout\" ><div id=\"pg-gb1675-69d69930e15e3-0\"  class=\"panel-grid panel-has-style\" ><div class=\"panel-row-style panel-row-style-for-gb1675-69d69930e15e3-0\" ><div id=\"pgc-gb1675-69d69930e15e3-0-0\"  class=\"panel-grid-cell\" ><div id=\"panel-gb1675-69d69930e15e3-0-0-0\" class=\"so-panel widget widget_siteorigin-panels-builder panel-first-child panel-last-child\" data-index=\"0\" ><div id=\"pl-w661fb76e2ad4d\"  class=\"panel-layout\" ><div id=\"pg-w661fb76e2ad4d-0\"  class=\"panel-grid panel-no-style\" ><div id=\"pgc-w661fb76e2ad4d-0-0\"  class=\"panel-grid-cell\" ><div id=\"panel-w661fb76e2ad4d-0-0-0\" class=\"widget_text so-panel widget widget_custom_html panel-first-child panel-last-child\" data-index=\"0\" ><div class=\"textwidget custom-html-widget\"><h2>\n\t<a href=\"https:\/\/app.elejido.es\/turismo\/?page_id=22624\">Trabajamos por un desarrollo tur\u00edstico sostenible<\/a>\n<\/h2>\n\t\n<p>\n\tCon nuestros planes de sostenibilidad e iniciativas queremos impulsar el crecimiento econ\u00f3mico del sector tur\u00edstico de El Ejido, apostando por un desarrollo responsable y de futuro.\n\t<\/p>\n\t<p> <strong>\n\t<a href=\"https:\/\/app.elejido.es\/turismo\/?page_id=22624\">Ver m\u00e1s<\/a> <\/strong> \n<\/p>\n\n\n\t\n<\/div><\/div><\/div><div id=\"pgc-w661fb76e2ad4d-0-1\"  class=\"panel-grid-cell\" ><div id=\"panel-w661fb76e2ad4d-0-1-0\" class=\"so-panel widget widget_sow-image panel-first-child panel-last-child\" data-index=\"1\" ><div\n\t\t\t\n\t\t\tclass=\"so-widget-sow-image so-widget-sow-image-default-c4f6304fc136\"\n\t\t\t\n\t\t>\n<div class=\"sow-image-container\">\n\t\t\t<a href=\"https:\/\/app.elejido.es\/turismo\/?page_id=22624\"\n\t\t\t\t\t>\n\t\t\t<img \n\tsrc=\"https:\/\/turismo.elejido.es\/wp-content\/uploads\/2022\/01\/Punta-Entinas-vegetacio\u0301n-scaled.jpg\" width=\"2560\" height=\"1440\" srcset=\"https:\/\/turismo.elejido.es\/wp-content\/uploads\/2022\/01\/Punta-Entinas-vegetacio\u0301n-scaled.jpg 2560w, https:\/\/turismo.elejido.es\/wp-content\/uploads\/2022\/01\/Punta-Entinas-vegetacio\u0301n-500x281.jpg 500w, https:\/\/turismo.elejido.es\/wp-content\/uploads\/2022\/01\/Punta-Entinas-vegetacio\u0301n-1920x1080.jpg 1920w, https:\/\/turismo.elejido.es\/wp-content\/uploads\/2022\/01\/Punta-Entinas-vegetacio\u0301n-768x432.jpg 768w, https:\/\/turismo.elejido.es\/wp-content\/uploads\/2022\/01\/Punta-Entinas-vegetacio\u0301n-1536x864.jpg 1536w, https:\/\/turismo.elejido.es\/wp-content\/uploads\/2022\/01\/Punta-Entinas-vegetacio\u0301n-2048x1152.jpg 2048w, https:\/\/turismo.elejido.es\/wp-content\/uploads\/2022\/01\/Punta-Entinas-vegetacio\u0301n-800x450.jpg 800w, https:\/\/turismo.elejido.es\/wp-content\/uploads\/2022\/01\/Punta-Entinas-vegetacio\u0301n-1280x720.jpg 1280w\" sizes=\"(max-width: 2560px) 100vw, 2560px\" title=\"Punta Entinas vegetacio\u0301n\" alt=\"\" \t\tclass=\"so-widget-image\"\/>\n\t\t\t<\/a><\/div>\n\n<\/div><\/div><\/div><\/div><\/div><\/div><\/div><\/div><\/div><\/div>\n\n\n<div style=\"height:100px\" aria-hidden=\"true\" class=\"wp-block-spacer\"><\/div>\n\n\n\n<figure class=\"wp-block-image size-full\"><img loading=\"lazy\" decoding=\"async\" width=\"1200\" height=\"400\" src=\"https:\/\/app.elejido.es\/turismo\/wp-content\/uploads\/2023\/08\/Creando-un-futuro-sostenible.png\" alt=\"\" class=\"wp-image-21577\" srcset=\"https:\/\/turismo.elejido.es\/wp-content\/uploads\/2023\/08\/Creando-un-futuro-sostenible.png 1200w, https:\/\/turismo.elejido.es\/wp-content\/uploads\/2023\/08\/Creando-un-futuro-sostenible-500x167.png 500w, https:\/\/turismo.elejido.es\/wp-content\/uploads\/2023\/08\/Creando-un-futuro-sostenible-768x256.png 768w, https:\/\/turismo.elejido.es\/wp-content\/uploads\/2023\/08\/Creando-un-futuro-sostenible-800x267.png 800w\" sizes=\"auto, (max-width: 1200px) 100vw, 1200px\" \/><\/figure>\n\n\n\n<div style=\"height:50px\" aria-hidden=\"true\" class=\"wp-block-spacer\"><\/div>\n\n\n\n<p class=\"has-text-align-left\" id=\"movilidad\">En nuestra apuesta por el turismo y la movilidad sostenible, contamos con casi 20 puntos de carga para coches el\u00e9ctricos repartidos por todo el municipio de El Ejido. Encuentra tu punto de carga m\u00e1s cercano en el siguiente mapa.<\/p>\n\n\n\n<div style=\"height:50px\" aria-hidden=\"true\" class=\"wp-block-spacer\"><\/div>\n\n\n\n<iframe loading=\"lazy\" src=\"https:\/\/www.google.com\/maps\/d\/embed?mid=1H9Cjb6yFgIk1E2dKYPmiQwK0KDorIKk&amp;ehbc=2E312F\" width=\"640\" height=\"480\"><\/iframe>\n\n\n\n<div style=\"height:100px\" aria-hidden=\"true\" class=\"wp-block-spacer\"><\/div>\n\n\n\n<h2 class=\"has-text-align-center animated zoomIn duration1 eds-on-scroll has-black-color has-text-color wp-block-heading\">Sostenibilidad<\/h2>\n\n\n\n<hr class=\"wp-block-separator has-text-color has-css-opacity has-background animated slideInLeft duration2 eds-on-scroll\" style=\"background-color:#ffaf26;color:#ffaf26\"\/>\n\n\n\n<div style=\"height:70px\" aria-hidden=\"true\" class=\"wp-block-spacer\"><\/div>\n\n\n\n<p class=\"has-text-align-left\">Descubre nuestro compromiso con la sostenibilidad, las pr\u00e1cticas sostenibles que realizamos en las playas y Punta Entinas o el mundo de la agricultura sostenible. Tambi\u00e9n encontrar\u00e1s informaci\u00f3n ambiental y consejos para ser un turista m\u00e1s sostenible.<\/p>\n\n\n\n<div style=\"height:70px\" aria-hidden=\"true\" class=\"wp-block-spacer\"><\/div>\n\n\n\n<div class=\"wp-block-group\"><div class=\"wp-block-group__inner-container is-layout-flow wp-block-group-is-layout-flow\">\n<div class=\"wp-block-group directorioEmpresas\"><div class=\"wp-block-group__inner-container is-layout-flow wp-block-group-is-layout-flow\">\n<p><\/p>\n\n\n<div id=\"pl-gb1675-69d69930e38e4\"  class=\"panel-layout\" ><div id=\"pg-gb1675-69d69930e38e4-0\"  class=\"panel-grid panel-no-style\" ><div id=\"pgc-gb1675-69d69930e38e4-0-0\"  class=\"panel-grid-cell\" ><div id=\"panel-gb1675-69d69930e38e4-0-0-0\" class=\"so-panel widget widget_text panel-first-child panel-last-child\" data-index=\"0\" ><div class=\"panel-widget-style panel-widget-style-for-gb1675-69d69930e38e4-0-0-0\" >\t\t\t<div class=\"textwidget\"><h3><a href=\"https:\/\/app.elejido.es\/turismo\/?page_id=11647\" rel=\"noopener\">Nuestro compromiso con la sostenibilidad<\/a><\/h3>\n<\/div>\n\t\t<\/div><\/div><\/div><div id=\"pgc-gb1675-69d69930e38e4-0-1\"  class=\"panel-grid-cell\" ><div id=\"panel-gb1675-69d69930e38e4-0-1-0\" class=\"so-panel widget widget_text panel-first-child panel-last-child\" data-index=\"1\" ><div class=\"panel-widget-style panel-widget-style-for-gb1675-69d69930e38e4-0-1-0\" >\t\t\t<div class=\"textwidget\"><h3><a href=\"https:\/\/app.elejido.es\/turismo\/?page_id=11600\" rel=\"noopener\">Pr\u00e1cticas sostenibles en la playa<\/a><\/h3>\n<\/div>\n\t\t<\/div><\/div><\/div><div id=\"pgc-gb1675-69d69930e38e4-0-2\"  class=\"panel-grid-cell\" ><div id=\"panel-gb1675-69d69930e38e4-0-2-0\" class=\"so-panel widget widget_text panel-first-child panel-last-child\" data-index=\"2\" ><div class=\"panel-widget-style panel-widget-style-for-gb1675-69d69930e38e4-0-2-0\" >\t\t\t<div class=\"textwidget\"><h3><a href=\"https:\/\/app.elejido.es\/turismo\/?page_id=11596\" rel=\"noopener\">Pr\u00e1cticas sostenibles en Punta Entinas<\/a><\/h3>\n<\/div>\n\t\t<\/div><\/div><\/div><\/div><div id=\"pg-gb1675-69d69930e38e4-1\"  class=\"panel-grid panel-no-style\" ><div id=\"pgc-gb1675-69d69930e38e4-1-0\"  class=\"panel-grid-cell\" ><div id=\"panel-gb1675-69d69930e38e4-1-0-0\" class=\"so-panel widget widget_text panel-first-child panel-last-child\" data-index=\"3\" ><div class=\"panel-widget-style panel-widget-style-for-gb1675-69d69930e38e4-1-0-0\" >\t\t\t<div class=\"textwidget\"><h3><a href=\"https:\/\/app.elejido.es\/turismo\/?page_id=10924\" rel=\"noopener\">Posidonia oceanica<\/a><\/h3>\n<\/div>\n\t\t<\/div><\/div><\/div><div id=\"pgc-gb1675-69d69930e38e4-1-1\"  class=\"panel-grid-cell\" ><div id=\"panel-gb1675-69d69930e38e4-1-1-0\" class=\"so-panel widget widget_text panel-first-child panel-last-child\" data-index=\"4\" ><div class=\"panel-widget-style panel-widget-style-for-gb1675-69d69930e38e4-1-1-0\" >\t\t\t<div class=\"textwidget\"><h3><a href=\"https:\/\/app.elejido.es\/turismo\/?page_id=11605\" rel=\"noopener\">Pr\u00e1cticas sostenibles que genera la agricultura<\/a><\/h3>\n<\/div>\n\t\t<\/div><\/div><\/div><div id=\"pgc-gb1675-69d69930e38e4-1-2\"  class=\"panel-grid-cell\" ><div id=\"panel-gb1675-69d69930e38e4-1-2-0\" class=\"so-panel widget widget_text panel-first-child panel-last-child\" data-index=\"5\" ><div class=\"panel-widget-style panel-widget-style-for-gb1675-69d69930e38e4-1-2-0\" >\t\t\t<div class=\"textwidget\"><h3><a href=\"https:\/\/app.elejido.es\/turismo\/?page_id=11938\" rel=\"noopener\">Consejos para unas vacaciones sostenibles<\/a><\/h3>\n<\/div>\n\t\t<\/div><\/div><\/div><\/div><\/div>\n\n\n<div style=\"height:100px\" aria-hidden=\"true\" class=\"wp-block-spacer\"><\/div>\n<\/div><\/div>\n<\/div><\/div>\n\n\n\n<div style=\"height:100px\" aria-hidden=\"true\" class=\"wp-block-spacer\"><\/div>\n\n\n\n<div style=\"height:25px\" aria-hidden=\"true\" class=\"wp-block-spacer\"><\/div>\n\n\n\n<div style=\"height:25px\" aria-hidden=\"true\" class=\"wp-block-spacer\"><\/div>\n<\/div><\/div>\n\n\n\n<div style=\"height:100px\" aria-hidden=\"true\" class=\"wp-block-spacer\"><\/div>\n","protected":false},"excerpt":{"rendered":"<p>En nuestra apuesta por el turismo y la movilidad sostenible, contamos con casi 20 puntos de carga para coches el\u00e9ctricos repartidos por todo el municipio de El Ejido. Encuentra tu punto de carga m\u00e1s cercano en el siguiente mapa. Sostenibilidad Descubre nuestro compromiso con la sostenibilidad, las pr\u00e1cticas sostenibles que realizamos en las playas y [&hellip;]<\/p>\n","protected":false},"author":5,"featured_media":0,"parent":0,"menu_order":0,"comment_status":"closed","ping_status":"closed","template":"","meta":{"ocean_post_layout":"","ocean_both_sidebars_style":"","ocean_both_sidebars_content_width":0,"ocean_both_sidebars_sidebars_width":0,"ocean_sidebar":"0","ocean_second_sidebar":"0","ocean_disable_margins":"enable","ocean_add_body_class":"","ocean_shortcode_before_top_bar":"","ocean_shortcode_after_top_bar":"","ocean_shortcode_before_header":"","ocean_shortcode_after_header":"","ocean_has_shortcode":"","ocean_shortcode_after_title":"","ocean_shortcode_before_footer_widgets":"","ocean_shortcode_after_footer_widgets":"","ocean_shortcode_before_footer_bottom":"","ocean_shortcode_after_footer_bottom":"","ocean_display_top_bar":"default","ocean_display_header":"default","ocean_header_style":"","ocean_center_header_left_menu":"0","ocean_custom_header_template":"0","ocean_custom_logo":0,"ocean_custom_retina_logo":0,"ocean_custom_logo_max_width":0,"ocean_custom_logo_tablet_max_width":0,"ocean_custom_logo_mobile_max_width":0,"ocean_custom_logo_max_height":0,"ocean_custom_logo_tablet_max_height":0,"ocean_custom_logo_mobile_max_height":0,"ocean_header_custom_menu":"0","ocean_menu_typo_font_family":"0","ocean_menu_typo_font_subset":"","ocean_menu_typo_font_size":0,"ocean_menu_typo_font_size_tablet":0,"ocean_menu_typo_font_size_mobile":0,"ocean_menu_typo_font_size_unit":"px","ocean_menu_typo_font_weight":"","ocean_menu_typo_font_weight_tablet":"","ocean_menu_typo_font_weight_mobile":"","ocean_menu_typo_transform":"","ocean_menu_typo_transform_tablet":"","ocean_menu_typo_transform_mobile":"","ocean_menu_typo_line_height":0,"ocean_menu_typo_line_height_tablet":0,"ocean_menu_typo_line_height_mobile":0,"ocean_menu_typo_line_height_unit":"","ocean_menu_typo_spacing":0,"ocean_menu_typo_spacing_tablet":0,"ocean_menu_typo_spacing_mobile":0,"ocean_menu_typo_spacing_unit":"","ocean_menu_link_color":"","ocean_menu_link_color_hover":"","ocean_menu_link_color_active":"","ocean_menu_link_background":"","ocean_menu_link_hover_background":"","ocean_menu_link_active_background":"","ocean_menu_social_links_bg":"","ocean_menu_social_hover_links_bg":"","ocean_menu_social_links_color":"","ocean_menu_social_hover_links_color":"","ocean_disable_title":"default","ocean_disable_heading":"default","ocean_post_title":"","ocean_post_subheading":"","ocean_post_title_style":"","ocean_post_title_background_color":"","ocean_post_title_background":0,"ocean_post_title_bg_image_position":"","ocean_post_title_bg_image_attachment":"","ocean_post_title_bg_image_repeat":"","ocean_post_title_bg_image_size":"","ocean_post_title_height":0,"ocean_post_title_bg_overlay":0.5,"ocean_post_title_bg_overlay_color":"","ocean_disable_breadcrumbs":"default","ocean_breadcrumbs_color":"","ocean_breadcrumbs_separator_color":"","ocean_breadcrumbs_links_color":"","ocean_breadcrumbs_links_hover_color":"","ocean_display_footer_widgets":"default","ocean_display_footer_bottom":"default","ocean_custom_footer_template":"0","footnotes":""},"class_list":["post-1675","page","type-page","status-publish","hentry","entry"],"yoast_head":"<!-- This site is optimized with the Yoast SEO plugin v27.3 - https:\/\/yoast.com\/product\/yoast-seo-wordpress\/ -->\n<title>Sostenibilidad - Turismo El Ejido<\/title>\n<meta name=\"description\" content=\"Descubre nuestro compromiso con la sostenibilidad, las pr\u00e1cticas que realizamos en las playas o el mundo de la agricultura sostenible\" \/>\n<meta name=\"robots\" content=\"index, follow, max-snippet:-1, max-image-preview:large, max-video-preview:-1\" \/>\n<link rel=\"canonical\" href=\"https:\/\/turismo.elejido.es\/index.php\/sonstenibilidad\/\" \/>\n<meta property=\"og:locale\" content=\"es_ES\" \/>\n<meta property=\"og:type\" content=\"article\" \/>\n<meta property=\"og:title\" content=\"Sostenibilidad - Turismo El Ejido\" \/>\n<meta property=\"og:description\" content=\"Descubre nuestro compromiso con la sostenibilidad, las pr\u00e1cticas que realizamos en las playas o el mundo de la agricultura sostenible\" \/>\n<meta property=\"og:url\" content=\"https:\/\/turismo.elejido.es\/index.php\/sonstenibilidad\/\" \/>\n<meta property=\"og:site_name\" content=\"Turismo El Ejido\" \/>\n<meta property=\"article:modified_time\" content=\"2024-04-17T11:51:43+00:00\" \/>\n<meta property=\"og:image\" content=\"https:\/\/app.elejido.es\/turismo\/wp-content\/uploads\/2021\/05\/consejos-para-vacaciones-sostenibles.jpg\" \/>\n<meta name=\"twitter:card\" content=\"summary_large_image\" \/>\n<meta name=\"twitter:label1\" content=\"Tiempo de lectura\" \/>\n\t<meta name=\"twitter:data1\" content=\"2 minutos\" \/>\n<script type=\"application\/ld+json\" class=\"yoast-schema-graph\">{\"@context\":\"https:\\\/\\\/schema.org\",\"@graph\":[{\"@type\":\"WebPage\",\"@id\":\"https:\\\/\\\/turismo.elejido.es\\\/index.php\\\/sonstenibilidad\\\/\",\"url\":\"https:\\\/\\\/turismo.elejido.es\\\/index.php\\\/sonstenibilidad\\\/\",\"name\":\"Sostenibilidad - Turismo El Ejido\",\"isPartOf\":{\"@id\":\"https:\\\/\\\/turismo.elejido.es\\\/#website\"},\"primaryImageOfPage\":{\"@id\":\"https:\\\/\\\/turismo.elejido.es\\\/index.php\\\/sonstenibilidad\\\/#primaryimage\"},\"image\":{\"@id\":\"https:\\\/\\\/turismo.elejido.es\\\/index.php\\\/sonstenibilidad\\\/#primaryimage\"},\"thumbnailUrl\":\"https:\\\/\\\/app.elejido.es\\\/turismo\\\/wp-content\\\/uploads\\\/2021\\\/05\\\/consejos-para-vacaciones-sostenibles.jpg\",\"datePublished\":\"2020-12-15T11:43:30+00:00\",\"dateModified\":\"2024-04-17T11:51:43+00:00\",\"description\":\"Descubre nuestro compromiso con la sostenibilidad, las pr\u00e1cticas que realizamos en las playas o el mundo de la agricultura sostenible\",\"breadcrumb\":{\"@id\":\"https:\\\/\\\/turismo.elejido.es\\\/index.php\\\/sonstenibilidad\\\/#breadcrumb\"},\"inLanguage\":\"es\",\"potentialAction\":[{\"@type\":\"ReadAction\",\"target\":[\"https:\\\/\\\/turismo.elejido.es\\\/index.php\\\/sonstenibilidad\\\/\"]}]},{\"@type\":\"ImageObject\",\"inLanguage\":\"es\",\"@id\":\"https:\\\/\\\/turismo.elejido.es\\\/index.php\\\/sonstenibilidad\\\/#primaryimage\",\"url\":\"https:\\\/\\\/app.elejido.es\\\/turismo\\\/wp-content\\\/uploads\\\/2021\\\/05\\\/consejos-para-vacaciones-sostenibles.jpg\",\"contentUrl\":\"https:\\\/\\\/app.elejido.es\\\/turismo\\\/wp-content\\\/uploads\\\/2021\\\/05\\\/consejos-para-vacaciones-sostenibles.jpg\"},{\"@type\":\"BreadcrumbList\",\"@id\":\"https:\\\/\\\/turismo.elejido.es\\\/index.php\\\/sonstenibilidad\\\/#breadcrumb\",\"itemListElement\":[{\"@type\":\"ListItem\",\"position\":1,\"name\":\"Inicio\",\"item\":\"https:\\\/\\\/app.elejido.es\\\/turismo\\\/\"},{\"@type\":\"ListItem\",\"position\":2,\"name\":\"Sostenibilidad\"}]},{\"@type\":\"WebSite\",\"@id\":\"https:\\\/\\\/turismo.elejido.es\\\/#website\",\"url\":\"https:\\\/\\\/turismo.elejido.es\\\/\",\"name\":\"Turismo El Ejido\",\"description\":\"Portal Oficial de Turismo del Municipio de El Ejido, Almerimar y Balerma situado en la costa de Almer\u00eda.\",\"publisher\":{\"@id\":\"https:\\\/\\\/turismo.elejido.es\\\/#organization\"},\"potentialAction\":[{\"@type\":\"SearchAction\",\"target\":{\"@type\":\"EntryPoint\",\"urlTemplate\":\"https:\\\/\\\/turismo.elejido.es\\\/?s={search_term_string}\"},\"query-input\":{\"@type\":\"PropertyValueSpecification\",\"valueRequired\":true,\"valueName\":\"search_term_string\"}}],\"inLanguage\":\"es\"},{\"@type\":\"Organization\",\"@id\":\"https:\\\/\\\/turismo.elejido.es\\\/#organization\",\"name\":\"Turismo El Ejido\",\"url\":\"https:\\\/\\\/turismo.elejido.es\\\/\",\"logo\":{\"@type\":\"ImageObject\",\"inLanguage\":\"es\",\"@id\":\"https:\\\/\\\/turismo.elejido.es\\\/#\\\/schema\\\/logo\\\/image\\\/\",\"url\":\"https:\\\/\\\/turismo.elejido.es\\\/wp-content\\\/uploads\\\/2020\\\/12\\\/elejidoNaranja.png\",\"contentUrl\":\"https:\\\/\\\/turismo.elejido.es\\\/wp-content\\\/uploads\\\/2020\\\/12\\\/elejidoNaranja.png\",\"width\":163,\"height\":92,\"caption\":\"Turismo El Ejido\"},\"image\":{\"@id\":\"https:\\\/\\\/turismo.elejido.es\\\/#\\\/schema\\\/logo\\\/image\\\/\"}}]}<\/script>\n<!-- \/ Yoast SEO plugin. -->","yoast_head_json":{"title":"Sostenibilidad - Turismo El Ejido","description":"Descubre nuestro compromiso con la sostenibilidad, las pr\u00e1cticas que realizamos en las playas o el mundo de la agricultura sostenible","robots":{"index":"index","follow":"follow","max-snippet":"max-snippet:-1","max-image-preview":"max-image-preview:large","max-video-preview":"max-video-preview:-1"},"canonical":"https:\/\/turismo.elejido.es\/index.php\/sonstenibilidad\/","og_locale":"es_ES","og_type":"article","og_title":"Sostenibilidad - Turismo El Ejido","og_description":"Descubre nuestro compromiso con la sostenibilidad, las pr\u00e1cticas que realizamos en las playas o el mundo de la agricultura sostenible","og_url":"https:\/\/turismo.elejido.es\/index.php\/sonstenibilidad\/","og_site_name":"Turismo El Ejido","article_modified_time":"2024-04-17T11:51:43+00:00","og_image":[{"url":"https:\/\/app.elejido.es\/turismo\/wp-content\/uploads\/2021\/05\/consejos-para-vacaciones-sostenibles.jpg","type":"","width":"","height":""}],"twitter_card":"summary_large_image","twitter_misc":{"Tiempo de lectura":"2 minutos"},"schema":{"@context":"https:\/\/schema.org","@graph":[{"@type":"WebPage","@id":"https:\/\/turismo.elejido.es\/index.php\/sonstenibilidad\/","url":"https:\/\/turismo.elejido.es\/index.php\/sonstenibilidad\/","name":"Sostenibilidad - Turismo El Ejido","isPartOf":{"@id":"https:\/\/turismo.elejido.es\/#website"},"primaryImageOfPage":{"@id":"https:\/\/turismo.elejido.es\/index.php\/sonstenibilidad\/#primaryimage"},"image":{"@id":"https:\/\/turismo.elejido.es\/index.php\/sonstenibilidad\/#primaryimage"},"thumbnailUrl":"https:\/\/app.elejido.es\/turismo\/wp-content\/uploads\/2021\/05\/consejos-para-vacaciones-sostenibles.jpg","datePublished":"2020-12-15T11:43:30+00:00","dateModified":"2024-04-17T11:51:43+00:00","description":"Descubre nuestro compromiso con la sostenibilidad, las pr\u00e1cticas que realizamos en las playas o el mundo de la agricultura sostenible","breadcrumb":{"@id":"https:\/\/turismo.elejido.es\/index.php\/sonstenibilidad\/#breadcrumb"},"inLanguage":"es","potentialAction":[{"@type":"ReadAction","target":["https:\/\/turismo.elejido.es\/index.php\/sonstenibilidad\/"]}]},{"@type":"ImageObject","inLanguage":"es","@id":"https:\/\/turismo.elejido.es\/index.php\/sonstenibilidad\/#primaryimage","url":"https:\/\/app.elejido.es\/turismo\/wp-content\/uploads\/2021\/05\/consejos-para-vacaciones-sostenibles.jpg","contentUrl":"https:\/\/app.elejido.es\/turismo\/wp-content\/uploads\/2021\/05\/consejos-para-vacaciones-sostenibles.jpg"},{"@type":"BreadcrumbList","@id":"https:\/\/turismo.elejido.es\/index.php\/sonstenibilidad\/#breadcrumb","itemListElement":[{"@type":"ListItem","position":1,"name":"Inicio","item":"https:\/\/app.elejido.es\/turismo\/"},{"@type":"ListItem","position":2,"name":"Sostenibilidad"}]},{"@type":"WebSite","@id":"https:\/\/turismo.elejido.es\/#website","url":"https:\/\/turismo.elejido.es\/","name":"Turismo El Ejido","description":"Portal Oficial de Turismo del Municipio de El Ejido, Almerimar y Balerma situado en la costa de Almer\u00eda.","publisher":{"@id":"https:\/\/turismo.elejido.es\/#organization"},"potentialAction":[{"@type":"SearchAction","target":{"@type":"EntryPoint","urlTemplate":"https:\/\/turismo.elejido.es\/?s={search_term_string}"},"query-input":{"@type":"PropertyValueSpecification","valueRequired":true,"valueName":"search_term_string"}}],"inLanguage":"es"},{"@type":"Organization","@id":"https:\/\/turismo.elejido.es\/#organization","name":"Turismo El Ejido","url":"https:\/\/turismo.elejido.es\/","logo":{"@type":"ImageObject","inLanguage":"es","@id":"https:\/\/turismo.elejido.es\/#\/schema\/logo\/image\/","url":"https:\/\/turismo.elejido.es\/wp-content\/uploads\/2020\/12\/elejidoNaranja.png","contentUrl":"https:\/\/turismo.elejido.es\/wp-content\/uploads\/2020\/12\/elejidoNaranja.png","width":163,"height":92,"caption":"Turismo El Ejido"},"image":{"@id":"https:\/\/turismo.elejido.es\/#\/schema\/logo\/image\/"}}]}},"_links":{"self":[{"href":"https:\/\/turismo.elejido.es\/index.php\/wp-json\/wp\/v2\/pages\/1675","targetHints":{"allow":["GET"]}}],"collection":[{"href":"https:\/\/turismo.elejido.es\/index.php\/wp-json\/wp\/v2\/pages"}],"about":[{"href":"https:\/\/turismo.elejido.es\/index.php\/wp-json\/wp\/v2\/types\/page"}],"author":[{"embeddable":true,"href":"https:\/\/turismo.elejido.es\/index.php\/wp-json\/wp\/v2\/users\/5"}],"replies":[{"embeddable":true,"href":"https:\/\/turismo.elejido.es\/index.php\/wp-json\/wp\/v2\/comments?post=1675"}],"version-history":[{"count":0,"href":"https:\/\/turismo.elejido.es\/index.php\/wp-json\/wp\/v2\/pages\/1675\/revisions"}],"wp:attachment":[{"href":"https:\/\/turismo.elejido.es\/index.php\/wp-json\/wp\/v2\/media?parent=1675"}],"curies":[{"name":"wp","href":"https:\/\/api.w.org\/{rel}","templated":true}]}}