{"id":16856,"date":"2021-09-25T10:30:46","date_gmt":"2021-09-25T08:30:46","guid":{"rendered":"https:\/\/turismo.elejido.es\/?page_id=16856"},"modified":"2025-02-12T12:48:41","modified_gmt":"2025-02-12T11:48:41","slug":"cookies-policy-2","status":"publish","type":"page","link":"https:\/\/turismo.elejido.es\/index.php\/en\/cookies-policy-2\/","title":{"rendered":"Privacy and Cookies Policy"},"content":{"rendered":"\n<div style=\"height:25px\" aria-hidden=\"true\" class=\"wp-block-spacer\"><\/div>\n\n\n\n<div class=\"wp-block-group container\"><div class=\"wp-block-group__inner-container is-layout-flow wp-block-group-is-layout-flow\"><div class=\"breadcrumbs align  wp-block-bcn-breadcrumb-trail has-text-color has-background\" vocab=\"https:\/\/schema.org\/\" typeof=\"BreadcrumbList\">\n\t<span><\/span>\n\t<span property=\"itemListElement\" typeof=\"ListItem\"><a property=\"item\" typeof=\"WebPage\" title=\"Ir a Turismo El Ejido.\" href=\"https:\/\/turismo.elejido.es\" class=\"home\" aria-current=\"page\"><span property=\"name\">Turismo El Ejido<\/span><\/a><meta property=\"position\" content=\"1\"><\/span><\/div>\n\n\n\n<div style=\"height:100px\" aria-hidden=\"true\" class=\"wp-block-spacer\"><\/div>\n\n\n\n<h2 class=\"wp-block-heading\"><strong>Privacy policy<\/strong><\/h2>\n\n\n\n<p>Based on the provisions of Regulation (EU) 2016\/679 of the European Parliament and of the Council on the protection of personal data and other applicable provisions, these data will be incorporated into the corresponding processing activities of the City Council of El Ejido, through the Department of Tourism, Development, Trade, Health and Consumer Affairs, and will be processed for the specific purpose of each treatment.<\/p>\n\n\n\n<p>As the party responsible for the various personal data processing activities that we carry out, we hereby inform you that our data are:<\/p>\n\n\n\n<p>EL EJIDO TOWN COUNCIL<\/p>\n\n\n\n<p>NIF: P0410400F<\/p>\n\n\n\n<p>Address at: Calle Cervantes, 132, 04700 &#8211; El Ejido &#8211; Almer\u00eda &#8211; Spain<\/p>\n\n\n\n<p>Telephone: 950510000<\/p>\n\n\n\n<p>Email: privacidad@elejido.es<\/p>\n\n\n\n<p>We also inform you that you can contact our Data Protection Officer (DPD) at the following email address: dpd@elejido.es. <\/p>\n\n\n\n<p>The processing of your data may be carried out for the performance of legal obligations, for a task carried out in the public interest, for the protection of vital interests, the performance of a contract. Where the purpose of the processing requires your consent, which must be given by a clear affirmative action.<\/p>\n\n\n\n<p>The period of data retention will depend on what is specified for each processing of personal data.<\/p>\n\n\n\n<p>The data collected will only be transferred, where appropriate, with the consent of the person concerned or in accordance with the provisions of the aforementioned legislation.<\/p>\n\n\n\n<p>El Ejido Town Council, as the body responsible for the processing of personal data, will adopt the necessary technical and organisational measures to guarantee the security of personal data and prevent its alteration, loss, unauthorised processing or access, taking into account the state of technology, the nature of the data stored and the risks to which it is exposed, whether from human action or the physical or natural environment. El Ejido Town Council guarantees the confidentiality of the personal data provided under the aforementioned control and security measures.<\/p>\n\n\n\n<p>You can consult our register of processing activities at the following link: Data processing in the Transparency Portal<\/p>\n\n\n\n<p>Persons whose personal data are processed by El Ejido Town Council may exercise their rights of access, rectification, deletion, opposition, limitation of processing and portability, as well as to oppose the taking of automated individual decisions, including profiling, in the manner provided for in current legislation on the subject. For more information about your rights, please consult the following link: https:\/\/www.aepd.es\/reglamento\/derechos\/index.html<\/p>\n\n\n\n<p>To exercise your rights you can contact the Town Hall of El Ejido, C\/Cervantes, 132, 04700 &#8211; El Ejido &#8211; Almer\u00eda &#8211; Spain or send a message to privacidad@elejido.es or contact our data protection officer at dpd@elejido.es.<\/p>\n\n\n\n<p>Users also have the right to lodge a complaint with the Spanish Data Protection Agency.<\/p>\n\n\n\n<div style=\"height:100px\" aria-hidden=\"true\" class=\"wp-block-spacer\"><\/div>\n\n\n\n<h2 class=\"wp-block-heading\">Cookies Policy<\/h2>\n\n\n\n<h3 class=\"wp-block-heading\">What is a Cookie?<\/h3>\n\n\n\n<p>This website uses cookies and\/or similar technologies that store and retrieve information when you browse. In general, these technologies can be used for many different purposes, such as to recognise you as a user, obtain information about your browsing habits, or personalise the way in which content is displayed. The specific uses we make of these technologies are described below. <\/p>\n\n\n\n<h3 class=\"wp-block-heading\">What types of cookies does this website use?<\/h3>\n\n\n\n<p>In addition to the strictly necessary cookies, this website uses other cookies which, either processed by us or by third parties, allow us to improve the services we provide. To do this, your browsing on our website is analysed in order to improve the range of products or services we offer. This website incorporates Google Analytics, which also creates its own cookies. The cookies used on this website are listed below.<\/p>\n\n\n\n<figure class=\"wp-block-table\"><table><tbody><tr><td>_ga _gat<\/td><td>(Google Analytics) Estas cookies se utilizan para recopilar informaci\u00f3n anal\u00edtica acerca de c\u00f3mo los visitantes usan la web. Toda la informaci\u00f3n se recoge de forma an\u00f3nima e incluye estad\u00edsticas, como el uso del navegador, p\u00e1ginas visitadas, tiempo que permanece en la p\u00e1gina, etc. Informaci\u00f3n Google la privacidad:&nbsp;<a href=\"http:\/\/www.google.com\/intl\/en\/policies\/privacy\/\" target=\"_blank\" rel=\"noreferrer noopener\">www.google.com\/intl\/en\/policies\/privacy\/<\/a>&nbsp;Usted puede optar por salir de seguimiento de Google Analytics mediante la instalaci\u00f3n de un plug -in de navegador de&nbsp;<a href=\"http:\/\/tools.google.com\/dlpage\/gaoptout?hl=en\" target=\"_blank\" rel=\"noreferrer noopener\">http:\/\/tools.google.com\/dlpage\/gaoptout?hl=en<\/a><\/td><\/tr><tr><td>pll_language<\/td><td>Cookie utilizada para conocer el idioma de navegaci\u00f3n.<\/td><\/tr><\/tbody><\/table><\/figure>\n\n\n\n<p>The provisions of Article 22.2 of Law 34\/2002, of 11 July, on Information Society Services and Electronic Commerce apply. For more information on the use of cookies click on the following link: <a href=\"https:\/\/www.aepd.es\/\">https:\/\/www.aepd.es\/<\/a>. <\/p>\n\n\n\n<h3 class=\"wp-block-heading\">How to modify the configuration of Cookies<\/h3>\n\n\n\n<p>The way to do this will be different depending on the type of browser used during browsing. In the following links you have at your disposal all the information to configure or disable cookies in each browser:<\/p>\n\n\n\n<div style=\"height:50px\" aria-hidden=\"true\" class=\"wp-block-spacer\"><\/div>\n\n\n\n<figure class=\"wp-block-table\"><table><tbody><tr><td>&nbsp;Google Chrome<\/td><td><a href=\"https:\/\/support.google.com\/chrome\/answer\/95647?hl=es\" target=\"_blank\" rel=\"noreferrer noopener\">https:\/\/support.google.com\/chrome\/answer\/95647?hl=es<\/a><\/td><\/tr><tr><td>&nbsp;Mozilla Firefox<\/td><td><a href=\"https:\/\/support.mozilla.org\/es\/kb\/habilitar-y-deshabilitar-cookies-que-los-sitios-we?redirectlocale=es&amp;redirectslug=Habilitar+y+deshabilitar+cookies\" target=\"_blank\" rel=\"noreferrer noopener\">https:\/\/support.mozilla.org\/es\/kb\/habilitar-y-deshabilitar-cookies-que-los-sitios-we?redirectlocale=es&amp;redirectslug=Habilitar+y+deshabilitar+cookies<\/a><\/td><\/tr><tr><td>&nbsp;Internet Explorer<\/td><td><a href=\"http:\/\/windows.microsoft.com\/es-ES\/windows7\/How-to-manage-cookies-in-Internet-Explorer-9\" target=\"_blank\" rel=\"noreferrer noopener\">http:\/\/windows.microsoft.com\/es-ES\/windows7\/How-to-manage-cookies-in-Internet-Explorer-9<\/a><\/td><\/tr><tr><td>&nbsp;Safari<\/td><td><a href=\"http:\/\/support.apple.com\/kb\/PH11913\" target=\"_blank\" rel=\"noreferrer noopener\">http:\/\/support.apple.com\/kb\/PH11913<\/a><\/td><\/tr><\/tbody><\/table><\/figure>\n\n\n\n<figure class=\"wp-block-table\"><table><tbody><tr><td>IOS<\/td><td><a href=\"http:\/\/support.apple.com\/kb\/HT1677\" target=\"_blank\" rel=\"noreferrer noopener\">http:\/\/support.apple.com\/kb\/HT1677<\/a><\/td><\/tr><tr><td>Android<\/td><td><a href=\"https:\/\/support.google.com\/android\/?hl=es\" target=\"_blank\" rel=\"noreferrer noopener\">https:\/\/support.google.com\/android\/?hl=es<\/a><\/td><\/tr><tr><td>Blackberry<\/td><td><a href=\"http:\/\/docs.blackberry.com\/en\/smartphone_users\/deliverables\/32004\/Turn_off_cookies_in_the_browser_60_1072866_11.jsp\" target=\"_blank\" rel=\"noreferrer noopener\">http:\/\/docs.blackberry.com\/en\/smartphone_users\/deliverables\/32004\/Turn_off_cookies_in_the_browser_60_1072866_11.jsp<\/a><\/td><\/tr><tr><td>Windows Phone<\/td><td><a href=\"http:\/\/www.windowsphone.com\/en-us\/how-to\/wp7\/web\/changing-privacy-and-other-browser-settings\" target=\"_blank\" rel=\"noreferrer noopener\">http:\/\/www.windowsphone.com\/en-us\/how-to\/wp7\/web\/changing-privacy-and-other-browser-settings<\/a><\/td><\/tr><\/tbody><\/table><\/figure>\n<\/div><\/div>\n\n\n\n<p><\/p>\n","protected":false},"excerpt":{"rendered":"<p>Privacy policy Based on the provisions of Regulation (EU) 2016\/679 of the European Parliament and of the Council on the protection of personal data and other applicable provisions, these data will be incorporated into the corresponding processing activities of the City Council of El Ejido, through the Department of Tourism, Development, Trade, Health and Consumer [&hellip;]<\/p>\n","protected":false},"author":5,"featured_media":0,"parent":0,"menu_order":0,"comment_status":"closed","ping_status":"closed","template":"","meta":{"ocean_post_layout":"","ocean_both_sidebars_style":"","ocean_both_sidebars_content_width":0,"ocean_both_sidebars_sidebars_width":0,"ocean_sidebar":"0","ocean_second_sidebar":"0","ocean_disable_margins":"enable","ocean_add_body_class":"","ocean_shortcode_before_top_bar":"","ocean_shortcode_after_top_bar":"","ocean_shortcode_before_header":"","ocean_shortcode_after_header":"","ocean_has_shortcode":"","ocean_shortcode_after_title":"","ocean_shortcode_before_footer_widgets":"","ocean_shortcode_after_footer_widgets":"","ocean_shortcode_before_footer_bottom":"","ocean_shortcode_after_footer_bottom":"","ocean_display_top_bar":"default","ocean_display_header":"default","ocean_header_style":"","ocean_center_header_left_menu":"0","ocean_custom_header_template":"0","ocean_custom_logo":0,"ocean_custom_retina_logo":0,"ocean_custom_logo_max_width":0,"ocean_custom_logo_tablet_max_width":0,"ocean_custom_logo_mobile_max_width":0,"ocean_custom_logo_max_height":0,"ocean_custom_logo_tablet_max_height":0,"ocean_custom_logo_mobile_max_height":0,"ocean_header_custom_menu":"0","ocean_menu_typo_font_family":"0","ocean_menu_typo_font_subset":"","ocean_menu_typo_font_size":0,"ocean_menu_typo_font_size_tablet":0,"ocean_menu_typo_font_size_mobile":0,"ocean_menu_typo_font_size_unit":"px","ocean_menu_typo_font_weight":"","ocean_menu_typo_font_weight_tablet":"","ocean_menu_typo_font_weight_mobile":"","ocean_menu_typo_transform":"","ocean_menu_typo_transform_tablet":"","ocean_menu_typo_transform_mobile":"","ocean_menu_typo_line_height":0,"ocean_menu_typo_line_height_tablet":0,"ocean_menu_typo_line_height_mobile":0,"ocean_menu_typo_line_height_unit":"","ocean_menu_typo_spacing":0,"ocean_menu_typo_spacing_tablet":0,"ocean_menu_typo_spacing_mobile":0,"ocean_menu_typo_spacing_unit":"","ocean_menu_link_color":"","ocean_menu_link_color_hover":"","ocean_menu_link_color_active":"","ocean_menu_link_background":"","ocean_menu_link_hover_background":"","ocean_menu_link_active_background":"","ocean_menu_social_links_bg":"","ocean_menu_social_hover_links_bg":"","ocean_menu_social_links_color":"","ocean_menu_social_hover_links_color":"","ocean_disable_title":"default","ocean_disable_heading":"default","ocean_post_title":"","ocean_post_subheading":"","ocean_post_title_style":"","ocean_post_title_background_color":"","ocean_post_title_background":0,"ocean_post_title_bg_image_position":"","ocean_post_title_bg_image_attachment":"","ocean_post_title_bg_image_repeat":"","ocean_post_title_bg_image_size":"","ocean_post_title_height":0,"ocean_post_title_bg_overlay":0.5,"ocean_post_title_bg_overlay_color":"","ocean_disable_breadcrumbs":"default","ocean_breadcrumbs_color":"","ocean_breadcrumbs_separator_color":"","ocean_breadcrumbs_links_color":"","ocean_breadcrumbs_links_hover_color":"","ocean_display_footer_widgets":"default","ocean_display_footer_bottom":"default","ocean_custom_footer_template":"0","footnotes":""},"class_list":["post-16856","page","type-page","status-publish","hentry","entry"],"yoast_head":"<!-- This site is optimized with the Yoast SEO plugin v27.3 - https:\/\/yoast.com\/product\/yoast-seo-wordpress\/ -->\n<title>Privacy and Cookies Policy - Turismo El Ejido<\/title>\n<meta name=\"robots\" content=\"index, follow, max-snippet:-1, max-image-preview:large, max-video-preview:-1\" \/>\n<link rel=\"canonical\" href=\"https:\/\/turismo.elejido.es\/index.php\/en\/cookies-policy-2\/\" \/>\n<meta property=\"og:locale\" content=\"es_ES\" \/>\n<meta property=\"og:type\" content=\"article\" \/>\n<meta property=\"og:title\" content=\"Privacy and Cookies Policy - Turismo El Ejido\" \/>\n<meta property=\"og:description\" content=\"Privacy policy Based on the provisions of Regulation (EU) 2016\/679 of the European Parliament and of the Council on the protection of personal data and other applicable provisions, these data will be incorporated into the corresponding processing activities of the City Council of El Ejido, through the Department of Tourism, Development, Trade, Health and Consumer [&hellip;]\" \/>\n<meta property=\"og:url\" content=\"https:\/\/turismo.elejido.es\/index.php\/en\/cookies-policy-2\/\" \/>\n<meta property=\"og:site_name\" content=\"Turismo El Ejido\" \/>\n<meta property=\"article:modified_time\" content=\"2025-02-12T11:48:41+00:00\" \/>\n<meta name=\"twitter:card\" content=\"summary_large_image\" \/>\n<meta name=\"twitter:label1\" content=\"Tiempo de lectura\" \/>\n\t<meta name=\"twitter:data1\" content=\"4 minutos\" \/>\n<script type=\"application\/ld+json\" class=\"yoast-schema-graph\">{\"@context\":\"https:\\\/\\\/schema.org\",\"@graph\":[{\"@type\":\"WebPage\",\"@id\":\"https:\\\/\\\/turismo.elejido.es\\\/index.php\\\/en\\\/cookies-policy-2\\\/\",\"url\":\"https:\\\/\\\/turismo.elejido.es\\\/index.php\\\/en\\\/cookies-policy-2\\\/\",\"name\":\"Privacy and Cookies Policy - Turismo El Ejido\",\"isPartOf\":{\"@id\":\"https:\\\/\\\/turismo.elejido.es\\\/#website\"},\"datePublished\":\"2021-09-25T08:30:46+00:00\",\"dateModified\":\"2025-02-12T11:48:41+00:00\",\"breadcrumb\":{\"@id\":\"https:\\\/\\\/turismo.elejido.es\\\/index.php\\\/en\\\/cookies-policy-2\\\/#breadcrumb\"},\"inLanguage\":\"es\",\"potentialAction\":[{\"@type\":\"ReadAction\",\"target\":[\"https:\\\/\\\/turismo.elejido.es\\\/index.php\\\/en\\\/cookies-policy-2\\\/\"]}]},{\"@type\":\"BreadcrumbList\",\"@id\":\"https:\\\/\\\/turismo.elejido.es\\\/index.php\\\/en\\\/cookies-policy-2\\\/#breadcrumb\",\"itemListElement\":[{\"@type\":\"ListItem\",\"position\":1,\"name\":\"Inicio\",\"item\":\"https:\\\/\\\/app.elejido.es\\\/turismo\\\/\"},{\"@type\":\"ListItem\",\"position\":2,\"name\":\"Privacy and Cookies Policy\"}]},{\"@type\":\"WebSite\",\"@id\":\"https:\\\/\\\/turismo.elejido.es\\\/#website\",\"url\":\"https:\\\/\\\/turismo.elejido.es\\\/\",\"name\":\"Turismo El Ejido\",\"description\":\"Portal Oficial de Turismo del Municipio de El Ejido, Almerimar y Balerma situado en la costa de Almer\u00eda.\",\"publisher\":{\"@id\":\"https:\\\/\\\/turismo.elejido.es\\\/#organization\"},\"potentialAction\":[{\"@type\":\"SearchAction\",\"target\":{\"@type\":\"EntryPoint\",\"urlTemplate\":\"https:\\\/\\\/turismo.elejido.es\\\/?s={search_term_string}\"},\"query-input\":{\"@type\":\"PropertyValueSpecification\",\"valueRequired\":true,\"valueName\":\"search_term_string\"}}],\"inLanguage\":\"es\"},{\"@type\":\"Organization\",\"@id\":\"https:\\\/\\\/turismo.elejido.es\\\/#organization\",\"name\":\"Turismo El Ejido\",\"url\":\"https:\\\/\\\/turismo.elejido.es\\\/\",\"logo\":{\"@type\":\"ImageObject\",\"inLanguage\":\"es\",\"@id\":\"https:\\\/\\\/turismo.elejido.es\\\/#\\\/schema\\\/logo\\\/image\\\/\",\"url\":\"https:\\\/\\\/turismo.elejido.es\\\/wp-content\\\/uploads\\\/2020\\\/12\\\/elejidoNaranja.png\",\"contentUrl\":\"https:\\\/\\\/turismo.elejido.es\\\/wp-content\\\/uploads\\\/2020\\\/12\\\/elejidoNaranja.png\",\"width\":163,\"height\":92,\"caption\":\"Turismo El Ejido\"},\"image\":{\"@id\":\"https:\\\/\\\/turismo.elejido.es\\\/#\\\/schema\\\/logo\\\/image\\\/\"}}]}<\/script>\n<!-- \/ Yoast SEO plugin. -->","yoast_head_json":{"title":"Privacy and Cookies Policy - Turismo El Ejido","robots":{"index":"index","follow":"follow","max-snippet":"max-snippet:-1","max-image-preview":"max-image-preview:large","max-video-preview":"max-video-preview:-1"},"canonical":"https:\/\/turismo.elejido.es\/index.php\/en\/cookies-policy-2\/","og_locale":"es_ES","og_type":"article","og_title":"Privacy and Cookies Policy - Turismo El Ejido","og_description":"Privacy policy Based on the provisions of Regulation (EU) 2016\/679 of the European Parliament and of the Council on the protection of personal data and other applicable provisions, these data will be incorporated into the corresponding processing activities of the City Council of El Ejido, through the Department of Tourism, Development, Trade, Health and Consumer [&hellip;]","og_url":"https:\/\/turismo.elejido.es\/index.php\/en\/cookies-policy-2\/","og_site_name":"Turismo El Ejido","article_modified_time":"2025-02-12T11:48:41+00:00","twitter_card":"summary_large_image","twitter_misc":{"Tiempo de lectura":"4 minutos"},"schema":{"@context":"https:\/\/schema.org","@graph":[{"@type":"WebPage","@id":"https:\/\/turismo.elejido.es\/index.php\/en\/cookies-policy-2\/","url":"https:\/\/turismo.elejido.es\/index.php\/en\/cookies-policy-2\/","name":"Privacy and Cookies Policy - Turismo El Ejido","isPartOf":{"@id":"https:\/\/turismo.elejido.es\/#website"},"datePublished":"2021-09-25T08:30:46+00:00","dateModified":"2025-02-12T11:48:41+00:00","breadcrumb":{"@id":"https:\/\/turismo.elejido.es\/index.php\/en\/cookies-policy-2\/#breadcrumb"},"inLanguage":"es","potentialAction":[{"@type":"ReadAction","target":["https:\/\/turismo.elejido.es\/index.php\/en\/cookies-policy-2\/"]}]},{"@type":"BreadcrumbList","@id":"https:\/\/turismo.elejido.es\/index.php\/en\/cookies-policy-2\/#breadcrumb","itemListElement":[{"@type":"ListItem","position":1,"name":"Inicio","item":"https:\/\/app.elejido.es\/turismo\/"},{"@type":"ListItem","position":2,"name":"Privacy and Cookies Policy"}]},{"@type":"WebSite","@id":"https:\/\/turismo.elejido.es\/#website","url":"https:\/\/turismo.elejido.es\/","name":"Turismo El Ejido","description":"Portal Oficial de Turismo del Municipio de El Ejido, Almerimar y Balerma situado en la costa de Almer\u00eda.","publisher":{"@id":"https:\/\/turismo.elejido.es\/#organization"},"potentialAction":[{"@type":"SearchAction","target":{"@type":"EntryPoint","urlTemplate":"https:\/\/turismo.elejido.es\/?s={search_term_string}"},"query-input":{"@type":"PropertyValueSpecification","valueRequired":true,"valueName":"search_term_string"}}],"inLanguage":"es"},{"@type":"Organization","@id":"https:\/\/turismo.elejido.es\/#organization","name":"Turismo El Ejido","url":"https:\/\/turismo.elejido.es\/","logo":{"@type":"ImageObject","inLanguage":"es","@id":"https:\/\/turismo.elejido.es\/#\/schema\/logo\/image\/","url":"https:\/\/turismo.elejido.es\/wp-content\/uploads\/2020\/12\/elejidoNaranja.png","contentUrl":"https:\/\/turismo.elejido.es\/wp-content\/uploads\/2020\/12\/elejidoNaranja.png","width":163,"height":92,"caption":"Turismo El Ejido"},"image":{"@id":"https:\/\/turismo.elejido.es\/#\/schema\/logo\/image\/"}}]}},"_links":{"self":[{"href":"https:\/\/turismo.elejido.es\/index.php\/wp-json\/wp\/v2\/pages\/16856","targetHints":{"allow":["GET"]}}],"collection":[{"href":"https:\/\/turismo.elejido.es\/index.php\/wp-json\/wp\/v2\/pages"}],"about":[{"href":"https:\/\/turismo.elejido.es\/index.php\/wp-json\/wp\/v2\/types\/page"}],"author":[{"embeddable":true,"href":"https:\/\/turismo.elejido.es\/index.php\/wp-json\/wp\/v2\/users\/5"}],"replies":[{"embeddable":true,"href":"https:\/\/turismo.elejido.es\/index.php\/wp-json\/wp\/v2\/comments?post=16856"}],"version-history":[{"count":0,"href":"https:\/\/turismo.elejido.es\/index.php\/wp-json\/wp\/v2\/pages\/16856\/revisions"}],"wp:attachment":[{"href":"https:\/\/turismo.elejido.es\/index.php\/wp-json\/wp\/v2\/media?parent=16856"}],"curies":[{"name":"wp","href":"https:\/\/api.w.org\/{rel}","templated":true}]}}