{"id":23554,"date":"2024-08-22T08:52:18","date_gmt":"2024-08-22T06:52:18","guid":{"rendered":"https:\/\/turismo.elejido.es\/?page_id=23554"},"modified":"2024-08-22T09:52:09","modified_gmt":"2024-08-22T07:52:09","slug":"datos-sobre-el-ejido","status":"publish","type":"page","link":"https:\/\/turismo.elejido.es\/index.php\/informacion\/datos-sobre-el-ejido\/","title":{"rendered":"Datos"},"content":{"rendered":"\n<div class=\"wp-block-nk-awb nk-awb alturaSlider is-layout-constrained wp-block-nk-awb-is-layout-constrained\"><div class=\"nk-awb-wrap\" data-awb-type=\"image\" data-awb-image-background-size=\"cover\" data-awb-image-background-position=\"46% 71%\" data-awb-parallax=\"scroll\" data-awb-parallax-speed=\"0.5\" data-awb-parallax-mobile=\"false\"><div class=\"nk-awb-inner\"><img loading=\"lazy\" decoding=\"async\" src=\"https:\/\/app.elejido.es\/turismo\/wp-content\/uploads\/2021\/04\/puertoDeportivoPortada.jpeg\" class=\"wp-image-9382 jarallax-img\" width=\"1400\" height=\"650\" srcset=\"https:\/\/turismo.elejido.es\/wp-content\/uploads\/2021\/04\/puertoDeportivoPortada.jpeg 1400w, https:\/\/turismo.elejido.es\/wp-content\/uploads\/2021\/04\/puertoDeportivoPortada-300x139.jpeg 300w, https:\/\/turismo.elejido.es\/wp-content\/uploads\/2021\/04\/puertoDeportivoPortada-768x357.jpeg 768w, https:\/\/turismo.elejido.es\/wp-content\/uploads\/2021\/04\/puertoDeportivoPortada-500x232.jpeg 500w, https:\/\/turismo.elejido.es\/wp-content\/uploads\/2021\/04\/puertoDeportivoPortada-800x371.jpeg 800w, https:\/\/turismo.elejido.es\/wp-content\/uploads\/2021\/04\/puertoDeportivoPortada-1280x594.jpeg 1280w\" sizes=\"auto, (max-width: 1400px) 100vw, 1400px\" \/><\/div><\/div><\/div>\n\n\n\n<div style=\"height:25px\" aria-hidden=\"true\" class=\"wp-block-spacer\"><\/div>\n\n\n\n<div class=\"wp-block-group container\"><div class=\"wp-block-group__inner-container is-layout-flow wp-block-group-is-layout-flow\"><div class=\"breadcrumbs align  wp-block-bcn-breadcrumb-trail has-text-color has-background\" vocab=\"https:\/\/schema.org\/\" typeof=\"BreadcrumbList\">\n\t<span><\/span>\n\t<span property=\"itemListElement\" typeof=\"ListItem\"><a property=\"item\" typeof=\"WebPage\" title=\"Ir a Turismo El Ejido.\" href=\"https:\/\/turismo.elejido.es\" class=\"home\" aria-current=\"page\"><span property=\"name\">Turismo El Ejido<\/span><\/a><meta property=\"position\" content=\"1\"><\/span><\/div>\n\n\n\n<div style=\"height:100px\" aria-hidden=\"true\" id=\"datos\" class=\"wp-block-spacer\"><\/div>\n\n\n\n<h2 class=\"has-text-align-left wp-block-heading\">Datos sobre El Ejido<\/h2>\n\n\n\n<ul class=\"wp-block-list\">\n<li>M\u00e1s de 3000 horas de sol al a\u00f1o.<\/li>\n\n\n\n<li>27 km de costa.<\/li>\n\n\n\n<li>17 km de Paraje y Reserva Natural.<\/li>\n\n\n\n<li>Cerca de 90.000 habitantes.<\/li>\n\n\n\n<li>Temperatura anual media de 18\u00baC.<\/li>\n\n\n\n<li>La agricultura es el motor econ\u00f3mico de El Ejido, representando el 70% del PIB.<\/li>\n\n\n\n<li>El Ejido alberga un Festival Internacional de Teatro con m\u00e1s de 47 ediciones.<\/li>\n<\/ul>\n\n\n\n<div style=\"height:100px\" aria-hidden=\"true\" id=\"curiosidades\" class=\"wp-block-spacer\"><\/div>\n\n\n\n<h2 class=\"wp-block-heading\">Datos curiosos<\/h2>\n\n\n\n<ul class=\"wp-block-list\">\n<li>Los invernaderos de El Ejido, conocidos como el \u00abmar de pl\u00e1stico\u00bb, son la \u00fanica construcci\u00f3n humana visible desde el espacio.<\/li>\n\n\n\n<li>Aqu\u00ed, los guisantes se llaman \u00abpr\u00e9sules\u00bb, y la tortilla de pr\u00e9sules es una delicia local.<\/li>\n\n\n\n<li>Cuando llueve, es tradici\u00f3n comer migas.<\/li>\n\n\n\n<li>El \u00fanico restaurante con Estrella Michelin de la provincia de Almer\u00eda est\u00e1 en El Ejido.<\/li>\n\n\n\n<li>El campo de golf de Almerimar fue dise\u00f1ado por la leyenda del golf Gary Player.<\/li>\n\n\n\n<li>Entre los personajes ilustres de El Ejido destacan el artista Manolo Escobar, el director de cine Manuel Mart\u00edn Cuenca y el campe\u00f3n mundial de windsurf V\u00edctor Fern\u00e1ndez.<\/li>\n<\/ul>\n\n\n\n<div style=\"height:100px\" aria-hidden=\"true\" class=\"wp-block-spacer\"><\/div>\n\n\n\n<p><\/p>\n<\/div><\/div>\n","protected":false},"excerpt":{"rendered":"<p>Datos sobre El Ejido Datos curiosos<\/p>\n","protected":false},"author":5,"featured_media":7095,"parent":1252,"menu_order":0,"comment_status":"closed","ping_status":"closed","template":"","meta":{"ocean_post_layout":"","ocean_both_sidebars_style":"","ocean_both_sidebars_content_width":0,"ocean_both_sidebars_sidebars_width":0,"ocean_sidebar":"0","ocean_second_sidebar":"0","ocean_disable_margins":"enable","ocean_add_body_class":"","ocean_shortcode_before_top_bar":"","ocean_shortcode_after_top_bar":"","ocean_shortcode_before_header":"","ocean_shortcode_after_header":"","ocean_has_shortcode":"","ocean_shortcode_after_title":"","ocean_shortcode_before_footer_widgets":"","ocean_shortcode_after_footer_widgets":"","ocean_shortcode_before_footer_bottom":"","ocean_shortcode_after_footer_bottom":"","ocean_display_top_bar":"default","ocean_display_header":"default","ocean_header_style":"","ocean_center_header_left_menu":"0","ocean_custom_header_template":"0","ocean_custom_logo":0,"ocean_custom_retina_logo":0,"ocean_custom_logo_max_width":0,"ocean_custom_logo_tablet_max_width":0,"ocean_custom_logo_mobile_max_width":0,"ocean_custom_logo_max_height":0,"ocean_custom_logo_tablet_max_height":0,"ocean_custom_logo_mobile_max_height":0,"ocean_header_custom_menu":"0","ocean_menu_typo_font_family":"0","ocean_menu_typo_font_subset":"","ocean_menu_typo_font_size":0,"ocean_menu_typo_font_size_tablet":0,"ocean_menu_typo_font_size_mobile":0,"ocean_menu_typo_font_size_unit":"px","ocean_menu_typo_font_weight":"","ocean_menu_typo_font_weight_tablet":"","ocean_menu_typo_font_weight_mobile":"","ocean_menu_typo_transform":"","ocean_menu_typo_transform_tablet":"","ocean_menu_typo_transform_mobile":"","ocean_menu_typo_line_height":0,"ocean_menu_typo_line_height_tablet":0,"ocean_menu_typo_line_height_mobile":0,"ocean_menu_typo_line_height_unit":"","ocean_menu_typo_spacing":0,"ocean_menu_typo_spacing_tablet":0,"ocean_menu_typo_spacing_mobile":0,"ocean_menu_typo_spacing_unit":"","ocean_menu_link_color":"","ocean_menu_link_color_hover":"","ocean_menu_link_color_active":"","ocean_menu_link_background":"","ocean_menu_link_hover_background":"","ocean_menu_link_active_background":"","ocean_menu_social_links_bg":"","ocean_menu_social_hover_links_bg":"","ocean_menu_social_links_color":"","ocean_menu_social_hover_links_color":"","ocean_disable_title":"default","ocean_disable_heading":"default","ocean_post_title":"","ocean_post_subheading":"","ocean_post_title_style":"","ocean_post_title_background_color":"","ocean_post_title_background":0,"ocean_post_title_bg_image_position":"","ocean_post_title_bg_image_attachment":"","ocean_post_title_bg_image_repeat":"","ocean_post_title_bg_image_size":"","ocean_post_title_height":0,"ocean_post_title_bg_overlay":0.5,"ocean_post_title_bg_overlay_color":"","ocean_disable_breadcrumbs":"default","ocean_breadcrumbs_color":"","ocean_breadcrumbs_separator_color":"","ocean_breadcrumbs_links_color":"","ocean_breadcrumbs_links_hover_color":"","ocean_display_footer_widgets":"default","ocean_display_footer_bottom":"default","ocean_custom_footer_template":"0","footnotes":""},"class_list":["post-23554","page","type-page","status-publish","has-post-thumbnail","hentry","entry","has-media"],"yoast_head":"<!-- This site is optimized with the Yoast SEO plugin v27.3 - https:\/\/yoast.com\/product\/yoast-seo-wordpress\/ -->\n<title>Datos - Turismo El Ejido<\/title>\n<meta name=\"description\" content=\"Descubre datos y curiosidades sobre El Ejido como destino tur\u00edstico. Todo lo que necesitas saber sobre esta localidad.\" \/>\n<meta name=\"robots\" content=\"index, follow, max-snippet:-1, max-image-preview:large, max-video-preview:-1\" \/>\n<link rel=\"canonical\" href=\"https:\/\/turismo.elejido.es\/index.php\/informacion\/datos-sobre-el-ejido\/\" \/>\n<meta property=\"og:locale\" content=\"es_ES\" \/>\n<meta property=\"og:type\" content=\"article\" \/>\n<meta property=\"og:title\" content=\"Datos - Turismo El Ejido\" \/>\n<meta property=\"og:description\" content=\"Descubre datos y curiosidades sobre El Ejido como destino tur\u00edstico. Todo lo que necesitas saber sobre esta localidad.\" \/>\n<meta property=\"og:url\" content=\"https:\/\/turismo.elejido.es\/index.php\/informacion\/datos-sobre-el-ejido\/\" \/>\n<meta property=\"og:site_name\" content=\"Turismo El Ejido\" \/>\n<meta property=\"article:modified_time\" content=\"2024-08-22T07:52:09+00:00\" \/>\n<meta property=\"og:image\" content=\"https:\/\/turismo.elejido.es\/wp-content\/uploads\/2021\/02\/portadaalmunya.jpg\" \/>\n\t<meta property=\"og:image:width\" content=\"500\" \/>\n\t<meta property=\"og:image:height\" content=\"494\" \/>\n\t<meta property=\"og:image:type\" content=\"image\/jpeg\" \/>\n<meta name=\"twitter:card\" content=\"summary_large_image\" \/>\n<meta name=\"twitter:label1\" content=\"Tiempo de lectura\" \/>\n\t<meta name=\"twitter:data1\" content=\"1 minuto\" \/>\n<script type=\"application\/ld+json\" class=\"yoast-schema-graph\">{\"@context\":\"https:\\\/\\\/schema.org\",\"@graph\":[{\"@type\":\"WebPage\",\"@id\":\"https:\\\/\\\/turismo.elejido.es\\\/index.php\\\/informacion\\\/datos-sobre-el-ejido\\\/\",\"url\":\"https:\\\/\\\/turismo.elejido.es\\\/index.php\\\/informacion\\\/datos-sobre-el-ejido\\\/\",\"name\":\"Datos - Turismo El Ejido\",\"isPartOf\":{\"@id\":\"https:\\\/\\\/turismo.elejido.es\\\/#website\"},\"primaryImageOfPage\":{\"@id\":\"https:\\\/\\\/turismo.elejido.es\\\/index.php\\\/informacion\\\/datos-sobre-el-ejido\\\/#primaryimage\"},\"image\":{\"@id\":\"https:\\\/\\\/turismo.elejido.es\\\/index.php\\\/informacion\\\/datos-sobre-el-ejido\\\/#primaryimage\"},\"thumbnailUrl\":\"https:\\\/\\\/turismo.elejido.es\\\/wp-content\\\/uploads\\\/2021\\\/02\\\/portadaalmunya.jpg\",\"datePublished\":\"2024-08-22T06:52:18+00:00\",\"dateModified\":\"2024-08-22T07:52:09+00:00\",\"description\":\"Descubre datos y curiosidades sobre El Ejido como destino tur\u00edstico. Todo lo que necesitas saber sobre esta localidad.\",\"breadcrumb\":{\"@id\":\"https:\\\/\\\/turismo.elejido.es\\\/index.php\\\/informacion\\\/datos-sobre-el-ejido\\\/#breadcrumb\"},\"inLanguage\":\"es\",\"potentialAction\":[{\"@type\":\"ReadAction\",\"target\":[\"https:\\\/\\\/turismo.elejido.es\\\/index.php\\\/informacion\\\/datos-sobre-el-ejido\\\/\"]}]},{\"@type\":\"ImageObject\",\"inLanguage\":\"es\",\"@id\":\"https:\\\/\\\/turismo.elejido.es\\\/index.php\\\/informacion\\\/datos-sobre-el-ejido\\\/#primaryimage\",\"url\":\"https:\\\/\\\/turismo.elejido.es\\\/wp-content\\\/uploads\\\/2021\\\/02\\\/portadaalmunya.jpg\",\"contentUrl\":\"https:\\\/\\\/turismo.elejido.es\\\/wp-content\\\/uploads\\\/2021\\\/02\\\/portadaalmunya.jpg\",\"width\":500,\"height\":494},{\"@type\":\"BreadcrumbList\",\"@id\":\"https:\\\/\\\/turismo.elejido.es\\\/index.php\\\/informacion\\\/datos-sobre-el-ejido\\\/#breadcrumb\",\"itemListElement\":[{\"@type\":\"ListItem\",\"position\":1,\"name\":\"Inicio\",\"item\":\"https:\\\/\\\/app.elejido.es\\\/turismo\\\/\"},{\"@type\":\"ListItem\",\"position\":2,\"name\":\"Info\",\"item\":\"https:\\\/\\\/turismo.elejido.es\\\/index.php\\\/informacion\\\/\"},{\"@type\":\"ListItem\",\"position\":3,\"name\":\"Datos\"}]},{\"@type\":\"WebSite\",\"@id\":\"https:\\\/\\\/turismo.elejido.es\\\/#website\",\"url\":\"https:\\\/\\\/turismo.elejido.es\\\/\",\"name\":\"Turismo El Ejido\",\"description\":\"Portal Oficial de Turismo del Municipio de El Ejido, Almerimar y Balerma situado en la costa de Almer\u00eda.\",\"publisher\":{\"@id\":\"https:\\\/\\\/turismo.elejido.es\\\/#organization\"},\"potentialAction\":[{\"@type\":\"SearchAction\",\"target\":{\"@type\":\"EntryPoint\",\"urlTemplate\":\"https:\\\/\\\/turismo.elejido.es\\\/?s={search_term_string}\"},\"query-input\":{\"@type\":\"PropertyValueSpecification\",\"valueRequired\":true,\"valueName\":\"search_term_string\"}}],\"inLanguage\":\"es\"},{\"@type\":\"Organization\",\"@id\":\"https:\\\/\\\/turismo.elejido.es\\\/#organization\",\"name\":\"Turismo El Ejido\",\"url\":\"https:\\\/\\\/turismo.elejido.es\\\/\",\"logo\":{\"@type\":\"ImageObject\",\"inLanguage\":\"es\",\"@id\":\"https:\\\/\\\/turismo.elejido.es\\\/#\\\/schema\\\/logo\\\/image\\\/\",\"url\":\"https:\\\/\\\/turismo.elejido.es\\\/wp-content\\\/uploads\\\/2020\\\/12\\\/elejidoNaranja.png\",\"contentUrl\":\"https:\\\/\\\/turismo.elejido.es\\\/wp-content\\\/uploads\\\/2020\\\/12\\\/elejidoNaranja.png\",\"width\":163,\"height\":92,\"caption\":\"Turismo El Ejido\"},\"image\":{\"@id\":\"https:\\\/\\\/turismo.elejido.es\\\/#\\\/schema\\\/logo\\\/image\\\/\"}}]}<\/script>\n<!-- \/ Yoast SEO plugin. -->","yoast_head_json":{"title":"Datos - Turismo El Ejido","description":"Descubre datos y curiosidades sobre El Ejido como destino tur\u00edstico. Todo lo que necesitas saber sobre esta localidad.","robots":{"index":"index","follow":"follow","max-snippet":"max-snippet:-1","max-image-preview":"max-image-preview:large","max-video-preview":"max-video-preview:-1"},"canonical":"https:\/\/turismo.elejido.es\/index.php\/informacion\/datos-sobre-el-ejido\/","og_locale":"es_ES","og_type":"article","og_title":"Datos - Turismo El Ejido","og_description":"Descubre datos y curiosidades sobre El Ejido como destino tur\u00edstico. Todo lo que necesitas saber sobre esta localidad.","og_url":"https:\/\/turismo.elejido.es\/index.php\/informacion\/datos-sobre-el-ejido\/","og_site_name":"Turismo El Ejido","article_modified_time":"2024-08-22T07:52:09+00:00","og_image":[{"width":500,"height":494,"url":"https:\/\/turismo.elejido.es\/wp-content\/uploads\/2021\/02\/portadaalmunya.jpg","type":"image\/jpeg"}],"twitter_card":"summary_large_image","twitter_misc":{"Tiempo de lectura":"1 minuto"},"schema":{"@context":"https:\/\/schema.org","@graph":[{"@type":"WebPage","@id":"https:\/\/turismo.elejido.es\/index.php\/informacion\/datos-sobre-el-ejido\/","url":"https:\/\/turismo.elejido.es\/index.php\/informacion\/datos-sobre-el-ejido\/","name":"Datos - Turismo El Ejido","isPartOf":{"@id":"https:\/\/turismo.elejido.es\/#website"},"primaryImageOfPage":{"@id":"https:\/\/turismo.elejido.es\/index.php\/informacion\/datos-sobre-el-ejido\/#primaryimage"},"image":{"@id":"https:\/\/turismo.elejido.es\/index.php\/informacion\/datos-sobre-el-ejido\/#primaryimage"},"thumbnailUrl":"https:\/\/turismo.elejido.es\/wp-content\/uploads\/2021\/02\/portadaalmunya.jpg","datePublished":"2024-08-22T06:52:18+00:00","dateModified":"2024-08-22T07:52:09+00:00","description":"Descubre datos y curiosidades sobre El Ejido como destino tur\u00edstico. Todo lo que necesitas saber sobre esta localidad.","breadcrumb":{"@id":"https:\/\/turismo.elejido.es\/index.php\/informacion\/datos-sobre-el-ejido\/#breadcrumb"},"inLanguage":"es","potentialAction":[{"@type":"ReadAction","target":["https:\/\/turismo.elejido.es\/index.php\/informacion\/datos-sobre-el-ejido\/"]}]},{"@type":"ImageObject","inLanguage":"es","@id":"https:\/\/turismo.elejido.es\/index.php\/informacion\/datos-sobre-el-ejido\/#primaryimage","url":"https:\/\/turismo.elejido.es\/wp-content\/uploads\/2021\/02\/portadaalmunya.jpg","contentUrl":"https:\/\/turismo.elejido.es\/wp-content\/uploads\/2021\/02\/portadaalmunya.jpg","width":500,"height":494},{"@type":"BreadcrumbList","@id":"https:\/\/turismo.elejido.es\/index.php\/informacion\/datos-sobre-el-ejido\/#breadcrumb","itemListElement":[{"@type":"ListItem","position":1,"name":"Inicio","item":"https:\/\/app.elejido.es\/turismo\/"},{"@type":"ListItem","position":2,"name":"Info","item":"https:\/\/turismo.elejido.es\/index.php\/informacion\/"},{"@type":"ListItem","position":3,"name":"Datos"}]},{"@type":"WebSite","@id":"https:\/\/turismo.elejido.es\/#website","url":"https:\/\/turismo.elejido.es\/","name":"Turismo El Ejido","description":"Portal Oficial de Turismo del Municipio de El Ejido, Almerimar y Balerma situado en la costa de Almer\u00eda.","publisher":{"@id":"https:\/\/turismo.elejido.es\/#organization"},"potentialAction":[{"@type":"SearchAction","target":{"@type":"EntryPoint","urlTemplate":"https:\/\/turismo.elejido.es\/?s={search_term_string}"},"query-input":{"@type":"PropertyValueSpecification","valueRequired":true,"valueName":"search_term_string"}}],"inLanguage":"es"},{"@type":"Organization","@id":"https:\/\/turismo.elejido.es\/#organization","name":"Turismo El Ejido","url":"https:\/\/turismo.elejido.es\/","logo":{"@type":"ImageObject","inLanguage":"es","@id":"https:\/\/turismo.elejido.es\/#\/schema\/logo\/image\/","url":"https:\/\/turismo.elejido.es\/wp-content\/uploads\/2020\/12\/elejidoNaranja.png","contentUrl":"https:\/\/turismo.elejido.es\/wp-content\/uploads\/2020\/12\/elejidoNaranja.png","width":163,"height":92,"caption":"Turismo El Ejido"},"image":{"@id":"https:\/\/turismo.elejido.es\/#\/schema\/logo\/image\/"}}]}},"_links":{"self":[{"href":"https:\/\/turismo.elejido.es\/index.php\/wp-json\/wp\/v2\/pages\/23554","targetHints":{"allow":["GET"]}}],"collection":[{"href":"https:\/\/turismo.elejido.es\/index.php\/wp-json\/wp\/v2\/pages"}],"about":[{"href":"https:\/\/turismo.elejido.es\/index.php\/wp-json\/wp\/v2\/types\/page"}],"author":[{"embeddable":true,"href":"https:\/\/turismo.elejido.es\/index.php\/wp-json\/wp\/v2\/users\/5"}],"replies":[{"embeddable":true,"href":"https:\/\/turismo.elejido.es\/index.php\/wp-json\/wp\/v2\/comments?post=23554"}],"version-history":[{"count":0,"href":"https:\/\/turismo.elejido.es\/index.php\/wp-json\/wp\/v2\/pages\/23554\/revisions"}],"up":[{"embeddable":true,"href":"https:\/\/turismo.elejido.es\/index.php\/wp-json\/wp\/v2\/pages\/1252"}],"wp:featuredmedia":[{"embeddable":true,"href":"https:\/\/turismo.elejido.es\/index.php\/wp-json\/wp\/v2\/media\/7095"}],"wp:attachment":[{"href":"https:\/\/turismo.elejido.es\/index.php\/wp-json\/wp\/v2\/media?parent=23554"}],"curies":[{"name":"wp","href":"https:\/\/api.w.org\/{rel}","templated":true}]}}